{"id":1000,"date":"2022-10-12T20:29:56","date_gmt":"2022-10-12T20:29:56","guid":{"rendered":"https:\/\/annerothureaumtc.com\/?page_id=1000"},"modified":"2023-12-03T21:48:10","modified_gmt":"2023-12-03T21:48:10","slug":"moxibustion","status":"publish","type":"page","link":"https:\/\/annerothureaumtc.com\/?page_id=1000","title":{"rendered":"Moxibustion"},"content":{"rendered":"\n<h1 class=\"has-text-align-center has-large-font-size wp-block-heading\">MOXIBUSTION<\/h1>\n\n\n\n<figure class=\"wp-block-image aligncenter size-full is-resized\"><img loading=\"lazy\" decoding=\"async\" src=\"http:\/\/annerothureaumtc.com\/wp-content\/uploads\/2022\/10\/moxi-1.jpg\" alt=\"\" class=\"wp-image-853\" width=\"573\" height=\"322\" srcset=\"https:\/\/annerothureaumtc.com\/wp-content\/uploads\/2022\/10\/moxi-1.jpg 819w, https:\/\/annerothureaumtc.com\/wp-content\/uploads\/2022\/10\/moxi-1-300x168.jpg 300w, https:\/\/annerothureaumtc.com\/wp-content\/uploads\/2022\/10\/moxi-1-768x431.jpg 768w\" sizes=\"auto, (max-width: 573px) 100vw, 573px\" \/><\/figure>\n\n\n\n<p><\/p>\n\n\n\n<p>La moxibution est une pratique ancestrale, puisqu\u2019on la retrouve dans le Nei Jing, le plus ancien ouvrage de M\u00e9decine Traditionnelle Chinoise.<\/p>\n\n\n\n<p><\/p>\n\n\n\n<p>Cette m\u00e9thode consiste \u00e0 chauffer \u00e0 l\u2019aide de moxa (b\u00e2ton d\u2019armoise s\u00e9ch\u00e9e) un point d\u2019acupuncture ou une zone du corps afin de faire p\u00e9n\u00e9trer une chaleur douce \u00e0 travers la peau. Elle est utilis\u00e9e pour r\u00e9chauffer lorsqu\u2019il y a un syndrome de froid, tonifier lorsqu\u2019il y a un Vide de Yang, activer et faire circuler le Qi (\u00e9nergie) et le sang dans les m\u00e9ridiens.<\/p>\n\n\n\n<p><\/p>\n\n\n\n<p>Les effets b\u00e9n\u00e9fiques sont multiples, et les applications sont larges&nbsp;: douleurs tendino-musculaires, troubles digestifs, troubles gyn\u00e9cologiques, fatigue\u2026<\/p>\n","protected":false},"excerpt":{"rendered":"<p>MOXIBUSTION La moxibution est une pratique ancestrale, puisqu\u2019on la retrouve dans le Nei Jing, le plus ancien ouvrage de M\u00e9decine Traditionnelle Chinoise. Cette m\u00e9thode consiste \u00e0 chauffer \u00e0 l\u2019aide de moxa (b\u00e2ton d\u2019armoise s\u00e9ch\u00e9e) un point d\u2019acupuncture ou une zone du corps afin de faire p\u00e9n\u00e9trer une chaleur douce \u00e0 travers la peau. Elle est [&hellip;]<\/p>\n","protected":false},"author":1,"featured_media":0,"parent":0,"menu_order":0,"comment_status":"closed","ping_status":"closed","template":"","meta":{"om_disable_all_campaigns":false,"_uag_custom_page_level_css":"","_monsterinsights_skip_tracking":false,"_monsterinsights_sitenote_active":false,"_monsterinsights_sitenote_note":"","_monsterinsights_sitenote_category":0,"site-sidebar-layout":"default","site-content-layout":"plain-container","ast-site-content-layout":"normal-width-container","site-content-style":"unboxed","site-sidebar-style":"unboxed","ast-global-header-display":"","ast-banner-title-visibility":"","ast-main-header-display":"","ast-hfb-above-header-display":"","ast-hfb-below-header-display":"","ast-hfb-mobile-header-display":"","site-post-title":"disabled","ast-breadcrumbs-content":"","ast-featured-img":"","footer-sml-layout":"","theme-transparent-header-meta":"","adv-header-id-meta":"","stick-header-meta":"","header-above-stick-meta":"","header-main-stick-meta":"","header-below-stick-meta":"","astra-migrate-meta-layouts":"set","ast-page-background-enabled":"default","ast-page-background-meta":{"desktop":{"background-color":"var(--ast-global-color-4)","background-image":"","background-repeat":"repeat","background-position":"center center","background-size":"auto","background-attachment":"scroll","background-type":"","background-media":"","overlay-type":"","overlay-color":"","overlay-opacity":"","overlay-gradient":""},"tablet":{"background-color":"","background-image":"","background-repeat":"repeat","background-position":"center center","background-size":"auto","background-attachment":"scroll","background-type":"","background-media":"","overlay-type":"","overlay-color":"","overlay-opacity":"","overlay-gradient":""},"mobile":{"background-color":"","background-image":"","background-repeat":"repeat","background-position":"center center","background-size":"auto","background-attachment":"scroll","background-type":"","background-media":"","overlay-type":"","overlay-color":"","overlay-opacity":"","overlay-gradient":""}},"ast-content-background-meta":{"desktop":{"background-color":"var(--ast-global-color-5)","background-image":"","background-repeat":"repeat","background-position":"center center","background-size":"auto","background-attachment":"scroll","background-type":"","background-media":"","overlay-type":"","overlay-color":"","overlay-opacity":"","overlay-gradient":""},"tablet":{"background-color":"var(--ast-global-color-5)","background-image":"","background-repeat":"repeat","background-position":"center center","background-size":"auto","background-attachment":"scroll","background-type":"","background-media":"","overlay-type":"","overlay-color":"","overlay-opacity":"","overlay-gradient":""},"mobile":{"background-color":"var(--ast-global-color-5)","background-image":"","background-repeat":"repeat","background-position":"center center","background-size":"auto","background-attachment":"scroll","background-type":"","background-media":"","overlay-type":"","overlay-color":"","overlay-opacity":"","overlay-gradient":""}},"footnotes":""},"class_list":["post-1000","page","type-page","status-publish","hentry"],"uagb_featured_image_src":{"full":false,"thumbnail":false,"medium":false,"medium_large":false,"large":false,"1536x1536":false,"2048x2048":false},"uagb_author_info":{"display_name":"anne.rothureau.mtc@gmail.com","author_link":"https:\/\/annerothureaumtc.com\/author\/anne-rothureau-mtcgmail-com"},"uagb_comment_info":0,"uagb_excerpt":"MOXIBUSTION La moxibution est une pratique ancestrale, puisqu\u2019on la retrouve dans le Nei Jing, le plus ancien ouvrage de M\u00e9decine Traditionnelle Chinoise. Cette m\u00e9thode consiste \u00e0 chauffer \u00e0 l\u2019aide de moxa (b\u00e2ton d\u2019armoise s\u00e9ch\u00e9e) un point d\u2019acupuncture ou une zone du corps afin de faire p\u00e9n\u00e9trer une chaleur douce \u00e0 travers la peau. Elle est\u2026","_links":{"self":[{"href":"https:\/\/annerothureaumtc.com\/index.php?rest_route=\/wp\/v2\/pages\/1000","targetHints":{"allow":["GET"]}}],"collection":[{"href":"https:\/\/annerothureaumtc.com\/index.php?rest_route=\/wp\/v2\/pages"}],"about":[{"href":"https:\/\/annerothureaumtc.com\/index.php?rest_route=\/wp\/v2\/types\/page"}],"author":[{"embeddable":true,"href":"https:\/\/annerothureaumtc.com\/index.php?rest_route=\/wp\/v2\/users\/1"}],"replies":[{"embeddable":true,"href":"https:\/\/annerothureaumtc.com\/index.php?rest_route=%2Fwp%2Fv2%2Fcomments&post=1000"}],"version-history":[{"count":5,"href":"https:\/\/annerothureaumtc.com\/index.php?rest_route=\/wp\/v2\/pages\/1000\/revisions"}],"predecessor-version":[{"id":1660,"href":"https:\/\/annerothureaumtc.com\/index.php?rest_route=\/wp\/v2\/pages\/1000\/revisions\/1660"}],"wp:attachment":[{"href":"https:\/\/annerothureaumtc.com\/index.php?rest_route=%2Fwp%2Fv2%2Fmedia&parent=1000"}],"curies":[{"name":"wp","href":"https:\/\/api.w.org\/{rel}","templated":true}]}}