{"id":1014,"date":"2022-10-12T20:38:59","date_gmt":"2022-10-12T20:38:59","guid":{"rendered":"https:\/\/annerothureaumtc.com\/?page_id=1014"},"modified":"2023-12-03T21:46:24","modified_gmt":"2023-12-03T21:46:24","slug":"dietetique-chinoise","status":"publish","type":"page","link":"https:\/\/annerothureaumtc.com\/?page_id=1014","title":{"rendered":"Di\u00e9t\u00e9tique chinoise"},"content":{"rendered":"\n<h2 class=\"has-text-align-center has-large-font-size wp-block-heading\">DIETETIQUE CHINOISE<\/h2>\n\n\n\n<figure class=\"wp-block-image aligncenter size-full\"><img loading=\"lazy\" decoding=\"async\" width=\"536\" height=\"359\" src=\"http:\/\/annerothureaumtc.com\/wp-content\/uploads\/2022\/10\/diet.bmp\" alt=\"\" class=\"wp-image-854\" srcset=\"https:\/\/annerothureaumtc.com\/wp-content\/uploads\/2022\/10\/diet.bmp 536w, https:\/\/annerothureaumtc.com\/wp-content\/uploads\/2022\/10\/diet-300x201.jpg 300w\" sizes=\"auto, (max-width: 536px) 100vw, 536px\" \/><\/figure>\n\n\n\n<p><\/p>\n\n\n\n<p>La di\u00e9t\u00e9tique chinoise ne rime pas forc\u00e9ment avec cuisine chinoise. Il n\u2019est donc pas n\u00e9cessaire de cuisiner chinois pour mettre en pratique la di\u00e9t\u00e9tique chinoise. Les r\u00e8gles de la di\u00e9t\u00e9tique chinoise sont suffisamment universelles et simples pour \u00eatre int\u00e9gr\u00e9es \u00e0 notre alimentation .<\/p>\n\n\n\n<p><\/p>\n\n\n\n<p>Il ne s\u2019agit pas d\u2019une analyse quantitative des calories, prot\u00e9ines, glucides, lipides, vitamines, min\u00e9raux\u2026<\/p>\n\n\n\n<p><\/p>\n\n\n\n<ul class=\"wp-block-list\"><li>Les aliments et plantes sont class\u00e9es selon les propri\u00e9t\u00e9s suivantes sp\u00e9cifiques\u00a0:<ul><li>Leur nature (froid, frais, ti\u00e8de ou chaud)\u00a0: il s\u2019agit de l\u2019effet thermique g\u00e9n\u00e9r\u00e9 dans le corps apr\u00e8s assimilation de l\u2019aliment, permettant de r\u00e9\u00e9quilibrer des d\u00e9sordres internes li\u00e9s au froid ou \u00e0 la chaleur.<\/li><\/ul><ul><li>Leur saveur (acide, amer, doux, piquant, sal\u00e9)\u00a0: chacune de ses saveurs est en lien avec un organe avec lequel elle agit plus sp\u00e9cifiquement.<\/li><\/ul><\/li><\/ul>\n\n\n\n<p><\/p>\n\n\n\n<p>Chaque personne \u00e9tant consid\u00e9r\u00e9e comme unique, par sa constitution, son mode de vie, son histoire personnelle, son affect et son \u00e9nergie vitale, les conseils en di\u00e9t\u00e9tique chinoise s\u2019adapte \u00e0 tous ses crit\u00e8res et constitue donc une approche personnalis\u00e9e et non dogmatique.<\/p>\n\n\n\n<p><\/p>\n\n\n\n<p>Ainsi, suivant le bilan \u00e9nerg\u00e9tique \u00e9tabli, les conseils en di\u00e9t\u00e9tique chinoise peuvent porter sur les orientations suivantes: Quels sont les aliments, cuissons, comportements alimentaires \u00e0 \u00e9viter ?<\/p>\n\n\n\n<p>\u00a0Quels sont ceux \u00e0 favoriser, quels sont les plantes les plus adapt\u00e9es pour corriger le d\u00e9s\u00e9quilibre ?<\/p>\n","protected":false},"excerpt":{"rendered":"<p>DIETETIQUE CHINOISE La di\u00e9t\u00e9tique chinoise ne rime pas forc\u00e9ment avec cuisine chinoise. Il n\u2019est donc pas n\u00e9cessaire de cuisiner chinois pour mettre en pratique la di\u00e9t\u00e9tique chinoise. Les r\u00e8gles de la di\u00e9t\u00e9tique chinoise sont suffisamment universelles et simples pour \u00eatre int\u00e9gr\u00e9es \u00e0 notre alimentation . Il ne s\u2019agit pas d\u2019une analyse quantitative des calories, prot\u00e9ines, [&hellip;]<\/p>\n","protected":false},"author":1,"featured_media":0,"parent":0,"menu_order":0,"comment_status":"closed","ping_status":"closed","template":"","meta":{"om_disable_all_campaigns":false,"_uag_custom_page_level_css":"","_monsterinsights_skip_tracking":false,"_monsterinsights_sitenote_active":false,"_monsterinsights_sitenote_note":"","_monsterinsights_sitenote_category":0,"site-sidebar-layout":"default","site-content-layout":"","ast-site-content-layout":"default","site-content-style":"default","site-sidebar-style":"default","ast-global-header-display":"","ast-banner-title-visibility":"","ast-main-header-display":"","ast-hfb-above-header-display":"","ast-hfb-below-header-display":"","ast-hfb-mobile-header-display":"","site-post-title":"disabled","ast-breadcrumbs-content":"","ast-featured-img":"","footer-sml-layout":"","theme-transparent-header-meta":"","adv-header-id-meta":"","stick-header-meta":"","header-above-stick-meta":"","header-main-stick-meta":"","header-below-stick-meta":"","astra-migrate-meta-layouts":"set","ast-page-background-enabled":"default","ast-page-background-meta":{"desktop":{"background-color":"var(--ast-global-color-4)","background-image":"","background-repeat":"repeat","background-position":"center center","background-size":"auto","background-attachment":"scroll","background-type":"","background-media":"","overlay-type":"","overlay-color":"","overlay-opacity":"","overlay-gradient":""},"tablet":{"background-color":"","background-image":"","background-repeat":"repeat","background-position":"center center","background-size":"auto","background-attachment":"scroll","background-type":"","background-media":"","overlay-type":"","overlay-color":"","overlay-opacity":"","overlay-gradient":""},"mobile":{"background-color":"","background-image":"","background-repeat":"repeat","background-position":"center center","background-size":"auto","background-attachment":"scroll","background-type":"","background-media":"","overlay-type":"","overlay-color":"","overlay-opacity":"","overlay-gradient":""}},"ast-content-background-meta":{"desktop":{"background-color":"var(--ast-global-color-5)","background-image":"","background-repeat":"repeat","background-position":"center center","background-size":"auto","background-attachment":"scroll","background-type":"","background-media":"","overlay-type":"","overlay-color":"","overlay-opacity":"","overlay-gradient":""},"tablet":{"background-color":"var(--ast-global-color-5)","background-image":"","background-repeat":"repeat","background-position":"center center","background-size":"auto","background-attachment":"scroll","background-type":"","background-media":"","overlay-type":"","overlay-color":"","overlay-opacity":"","overlay-gradient":""},"mobile":{"background-color":"var(--ast-global-color-5)","background-image":"","background-repeat":"repeat","background-position":"center center","background-size":"auto","background-attachment":"scroll","background-type":"","background-media":"","overlay-type":"","overlay-color":"","overlay-opacity":"","overlay-gradient":""}},"footnotes":""},"class_list":["post-1014","page","type-page","status-publish","hentry"],"uagb_featured_image_src":{"full":false,"thumbnail":false,"medium":false,"medium_large":false,"large":false,"1536x1536":false,"2048x2048":false},"uagb_author_info":{"display_name":"anne.rothureau.mtc@gmail.com","author_link":"https:\/\/annerothureaumtc.com\/author\/anne-rothureau-mtcgmail-com"},"uagb_comment_info":0,"uagb_excerpt":"DIETETIQUE CHINOISE La di\u00e9t\u00e9tique chinoise ne rime pas forc\u00e9ment avec cuisine chinoise. Il n\u2019est donc pas n\u00e9cessaire de cuisiner chinois pour mettre en pratique la di\u00e9t\u00e9tique chinoise. Les r\u00e8gles de la di\u00e9t\u00e9tique chinoise sont suffisamment universelles et simples pour \u00eatre int\u00e9gr\u00e9es \u00e0 notre alimentation . Il ne s\u2019agit pas d\u2019une analyse quantitative des calories, prot\u00e9ines,\u2026","_links":{"self":[{"href":"https:\/\/annerothureaumtc.com\/index.php?rest_route=\/wp\/v2\/pages\/1014","targetHints":{"allow":["GET"]}}],"collection":[{"href":"https:\/\/annerothureaumtc.com\/index.php?rest_route=\/wp\/v2\/pages"}],"about":[{"href":"https:\/\/annerothureaumtc.com\/index.php?rest_route=\/wp\/v2\/types\/page"}],"author":[{"embeddable":true,"href":"https:\/\/annerothureaumtc.com\/index.php?rest_route=\/wp\/v2\/users\/1"}],"replies":[{"embeddable":true,"href":"https:\/\/annerothureaumtc.com\/index.php?rest_route=%2Fwp%2Fv2%2Fcomments&post=1014"}],"version-history":[{"count":6,"href":"https:\/\/annerothureaumtc.com\/index.php?rest_route=\/wp\/v2\/pages\/1014\/revisions"}],"predecessor-version":[{"id":1657,"href":"https:\/\/annerothureaumtc.com\/index.php?rest_route=\/wp\/v2\/pages\/1014\/revisions\/1657"}],"wp:attachment":[{"href":"https:\/\/annerothureaumtc.com\/index.php?rest_route=%2Fwp%2Fv2%2Fmedia&parent=1014"}],"curies":[{"name":"wp","href":"https:\/\/api.w.org\/{rel}","templated":true}]}}