{"id":1440,"date":"2023-10-28T14:17:52","date_gmt":"2023-10-28T14:17:52","guid":{"rendered":"https:\/\/annerothureaumtc.com\/?page_id=1440"},"modified":"2023-12-03T21:44:08","modified_gmt":"2023-12-03T21:44:08","slug":"acupression","status":"publish","type":"page","link":"https:\/\/annerothureaumtc.com\/?page_id=1440","title":{"rendered":"Acupression"},"content":{"rendered":"\n<div class=\"wp-block-uagb-advanced-heading uagb-block-84c88004\"><h2 class=\"uagb-heading-text\">Acupression<\/h2><\/div>\n\n\n\n<figure class=\"wp-block-image aligncenter size-full is-resized\"><img loading=\"lazy\" decoding=\"async\" width=\"639\" height=\"396\" src=\"https:\/\/annerothureaumtc.com\/wp-content\/uploads\/2023\/11\/acupression.jpg\" alt=\"\" class=\"wp-image-1563\" style=\"aspect-ratio:1.6136363636363635;width:420px;height:auto\" srcset=\"https:\/\/annerothureaumtc.com\/wp-content\/uploads\/2023\/11\/acupression.jpg 639w, https:\/\/annerothureaumtc.com\/wp-content\/uploads\/2023\/11\/acupression-300x186.jpg 300w\" sizes=\"auto, (max-width: 639px) 100vw, 639px\" \/><\/figure>\n\n\n\n<p>C&rsquo;est une technique manuelle qui vise \u00e0 stimuler des points pr\u00e9cis se trouvant le long des m\u00e9ridiens pour stimuler ou harmoniser les flux d&rsquo;\u00e9nergie qui parcourent le corps, corriger les blocages ou d\u00e9s\u00e9quilibres.<\/p>\n\n\n\n<p>Le choix des points (les m\u00eames que ceux utilis\u00e9s en acupuncture) ainsi que les m\u00e9thodes de pression sont pr\u00e9cis et d\u00e9finis par le praticien.<\/p>\n\n\n\n<p><\/p>\n","protected":false},"excerpt":{"rendered":"<p>Acupression C&rsquo;est une technique manuelle qui vise \u00e0 stimuler des points pr\u00e9cis se trouvant le long des m\u00e9ridiens pour stimuler ou harmoniser les flux d&rsquo;\u00e9nergie qui parcourent le corps, corriger les blocages ou d\u00e9s\u00e9quilibres. Le choix des points (les m\u00eames que ceux utilis\u00e9s en acupuncture) ainsi que les m\u00e9thodes de pression sont pr\u00e9cis et d\u00e9finis [&hellip;]<\/p>\n","protected":false},"author":1,"featured_media":0,"parent":0,"menu_order":0,"comment_status":"closed","ping_status":"closed","template":"","meta":{"om_disable_all_campaigns":false,"_uag_custom_page_level_css":"","_monsterinsights_skip_tracking":false,"_monsterinsights_sitenote_active":false,"_monsterinsights_sitenote_note":"","_monsterinsights_sitenote_category":0,"site-sidebar-layout":"default","site-content-layout":"","ast-site-content-layout":"default","site-content-style":"default","site-sidebar-style":"default","ast-global-header-display":"","ast-banner-title-visibility":"","ast-main-header-display":"","ast-hfb-above-header-display":"","ast-hfb-below-header-display":"","ast-hfb-mobile-header-display":"","site-post-title":"disabled","ast-breadcrumbs-content":"","ast-featured-img":"","footer-sml-layout":"","theme-transparent-header-meta":"","adv-header-id-meta":"","stick-header-meta":"","header-above-stick-meta":"","header-main-stick-meta":"","header-below-stick-meta":"","astra-migrate-meta-layouts":"set","ast-page-background-enabled":"default","ast-page-background-meta":{"desktop":{"background-color":"var(--ast-global-color-4)","background-image":"","background-repeat":"repeat","background-position":"center center","background-size":"auto","background-attachment":"scroll","background-type":"","background-media":"","overlay-type":"","overlay-color":"","overlay-opacity":"","overlay-gradient":""},"tablet":{"background-color":"","background-image":"","background-repeat":"repeat","background-position":"center center","background-size":"auto","background-attachment":"scroll","background-type":"","background-media":"","overlay-type":"","overlay-color":"","overlay-opacity":"","overlay-gradient":""},"mobile":{"background-color":"","background-image":"","background-repeat":"repeat","background-position":"center center","background-size":"auto","background-attachment":"scroll","background-type":"","background-media":"","overlay-type":"","overlay-color":"","overlay-opacity":"","overlay-gradient":""}},"ast-content-background-meta":{"desktop":{"background-color":"var(--ast-global-color-5)","background-image":"","background-repeat":"repeat","background-position":"center center","background-size":"auto","background-attachment":"scroll","background-type":"","background-media":"","overlay-type":"","overlay-color":"","overlay-opacity":"","overlay-gradient":""},"tablet":{"background-color":"var(--ast-global-color-5)","background-image":"","background-repeat":"repeat","background-position":"center center","background-size":"auto","background-attachment":"scroll","background-type":"","background-media":"","overlay-type":"","overlay-color":"","overlay-opacity":"","overlay-gradient":""},"mobile":{"background-color":"var(--ast-global-color-5)","background-image":"","background-repeat":"repeat","background-position":"center center","background-size":"auto","background-attachment":"scroll","background-type":"","background-media":"","overlay-type":"","overlay-color":"","overlay-opacity":"","overlay-gradient":""}},"footnotes":""},"class_list":["post-1440","page","type-page","status-publish","hentry"],"uagb_featured_image_src":{"full":false,"thumbnail":false,"medium":false,"medium_large":false,"large":false,"1536x1536":false,"2048x2048":false},"uagb_author_info":{"display_name":"anne.rothureau.mtc@gmail.com","author_link":"https:\/\/annerothureaumtc.com\/author\/anne-rothureau-mtcgmail-com"},"uagb_comment_info":0,"uagb_excerpt":"Acupression C&rsquo;est une technique manuelle qui vise \u00e0 stimuler des points pr\u00e9cis se trouvant le long des m\u00e9ridiens pour stimuler ou harmoniser les flux d&rsquo;\u00e9nergie qui parcourent le corps, corriger les blocages ou d\u00e9s\u00e9quilibres. Le choix des points (les m\u00eames que ceux utilis\u00e9s en acupuncture) ainsi que les m\u00e9thodes de pression sont pr\u00e9cis et d\u00e9finis\u2026","_links":{"self":[{"href":"https:\/\/annerothureaumtc.com\/index.php?rest_route=\/wp\/v2\/pages\/1440","targetHints":{"allow":["GET"]}}],"collection":[{"href":"https:\/\/annerothureaumtc.com\/index.php?rest_route=\/wp\/v2\/pages"}],"about":[{"href":"https:\/\/annerothureaumtc.com\/index.php?rest_route=\/wp\/v2\/types\/page"}],"author":[{"embeddable":true,"href":"https:\/\/annerothureaumtc.com\/index.php?rest_route=\/wp\/v2\/users\/1"}],"replies":[{"embeddable":true,"href":"https:\/\/annerothureaumtc.com\/index.php?rest_route=%2Fwp%2Fv2%2Fcomments&post=1440"}],"version-history":[{"count":5,"href":"https:\/\/annerothureaumtc.com\/index.php?rest_route=\/wp\/v2\/pages\/1440\/revisions"}],"predecessor-version":[{"id":1654,"href":"https:\/\/annerothureaumtc.com\/index.php?rest_route=\/wp\/v2\/pages\/1440\/revisions\/1654"}],"wp:attachment":[{"href":"https:\/\/annerothureaumtc.com\/index.php?rest_route=%2Fwp%2Fv2%2Fmedia&parent=1440"}],"curies":[{"name":"wp","href":"https:\/\/api.w.org\/{rel}","templated":true}]}}