{"id":1565,"date":"2023-11-02T20:41:03","date_gmt":"2023-11-02T20:41:03","guid":{"rendered":"https:\/\/annerothureaumtc.com\/?page_id=1565"},"modified":"2025-09-14T14:47:04","modified_gmt":"2025-09-14T14:47:04","slug":"evenements-ateliers","status":"publish","type":"page","link":"https:\/\/annerothureaumtc.com\/?page_id=1565","title":{"rendered":"Ev\u00e9nements\/Ateliers"},"content":{"rendered":"\n<p><\/p>\n\n\n\n<div class=\"alignnormal\"><div id=\"metaslider-id-1636\" style=\"width: 100%; margin: 0 auto;\" class=\"ml-slider-3-102-0 metaslider metaslider-nivo metaslider-1636 ml-slider ms-theme-default\" role=\"region\" aria-label=\"Atelier\" data-height=\"450\" data-width=\"700\">\n    <div id=\"metaslider_container_1636\">\n        <div class='slider-wrapper theme-default'><div class='ribbon'><\/div><div id='metaslider_1636' class='nivoSlider'><img loading=\"lazy\" decoding=\"async\" src=\"https:\/\/annerothureaumtc.com\/wp-content\/uploads\/2023\/12\/1701633490154-scaled-700x450.jpg\" height=\"450\" width=\"700\" title=\"1701633490154\" alt=\"\" class=\"slider-1636 slide-1643 msDefaultImage\" \/><img loading=\"lazy\" decoding=\"async\" src=\"https:\/\/annerothureaumtc.com\/wp-content\/uploads\/2023\/12\/1701807152217-scaled-700x450.jpg\" height=\"450\" width=\"700\" title=\"1701807152217\" alt=\"\" class=\"slider-1636 slide-1712 msDefaultImage\" \/><img loading=\"lazy\" decoding=\"async\" src=\"https:\/\/annerothureaumtc.com\/wp-content\/uploads\/2023\/12\/1701633490176-scaled-700x450.jpg\" height=\"450\" width=\"700\" title=\"1701633490176\" alt=\"\" class=\"slider-1636 slide-1641 msDefaultImage\" \/><img loading=\"lazy\" decoding=\"async\" src=\"https:\/\/annerothureaumtc.com\/wp-content\/uploads\/2023\/12\/1701633490166-scaled-700x450.jpg\" height=\"450\" width=\"700\" title=\"1701633490166\" alt=\"\" class=\"slider-1636 slide-1642 msDefaultImage\" \/><\/div><\/div>\n        \n    <\/div>\n<\/div><\/div>\n\n\n\n<div data-aos= \"slide-left\" data-aos-duration=\"400\" data-aos-delay=\"0\" data-aos-easing=\"ease\" data-aos-once=\"true\" class=\"wp-block-uagb-container uagb-block-7168798f alignfull uagb-is-root-container\"><div class=\"uagb-container-inner-blocks-wrap\">\n<div class=\"wp-block-uagb-container uagb-block-0b7ff719\">\n<div data-aos= \"fade\" data-aos-duration=\"400\" data-aos-delay=\"0\" data-aos-easing=\"ease\" data-aos-once=\"true\" class=\"wp-block-uagb-info-box uagb-block-7fd298f3 uagb-infobox__content-wrap  uagb-infobox-icon-above-title uagb-infobox-image-valign-top\"><div class=\"uagb-ifb-content\"><div class=\"uagb-ifb-title-wrap\"><h2 class=\"uagb-ifb-title\">Octobre Rose 2024<\/h2><\/div><p class=\"uagb-ifb-desc\">Comme les ann\u00e9es pr\u00e9c\u00e9dentes, j&rsquo;ai \u00e0 c\u0153ur de prendre part \u00e0 Octobre Rose.<br>Pendant le mois d&rsquo;octobre, pour chaque massage Chi Nei Tsang ou Tuina r\u00e9serv\u00e9, 10\u20ac seront revers\u00e9s \u00e0 l&rsquo;association Cancer espoir 49.<br><br>Cette association d&rsquo;Or\u00e9e d&rsquo;Anjou s&rsquo;investit aux c\u00f4t\u00e9s des personnes atteintes de cancer et leur entourage. Elle reverse ses dons \u00e0 l&rsquo;ICO, au Centre Paul Papin et au service d&rsquo;Oncologie p\u00e9diatrique du CHU de Nantes, afin d&rsquo;apporter du mieux-\u00eatre aux malades.<br><br>Tarif : 60\u20ac \/ 1h15mn     <br><\/p><div class=\"uagb-ifb-button-wrapper wp-block-button\"><a href=\"https:\/\/annerothureaumtc.com\/?page_id=617\" class=\"uagb-infobox-cta-link wp-block-button__link\" target=\"_self\" rel=\"noopener noreferrer\" onclick=\"return true;\"><span class=\"uagb-inline-editing\">CONTACT<\/span><\/a><\/div><\/div><\/div>\n<\/div>\n\n\n\n<div class=\"wp-block-uagb-container uagb-block-08b46b46\">\n<figure class=\"wp-block-image size-full is-resized\"><img loading=\"lazy\" decoding=\"async\" width=\"1587\" height=\"2245\" src=\"https:\/\/annerothureaumtc.com\/wp-content\/uploads\/2024\/09\/Chi-Nei-Tsang-ou-Massage-Tuina-bien-etre.png\" alt=\"\" class=\"wp-image-1941\" style=\"width:391px;height:auto\" srcset=\"https:\/\/annerothureaumtc.com\/wp-content\/uploads\/2024\/09\/Chi-Nei-Tsang-ou-Massage-Tuina-bien-etre.png 1587w, https:\/\/annerothureaumtc.com\/wp-content\/uploads\/2024\/09\/Chi-Nei-Tsang-ou-Massage-Tuina-bien-etre-212x300.png 212w, https:\/\/annerothureaumtc.com\/wp-content\/uploads\/2024\/09\/Chi-Nei-Tsang-ou-Massage-Tuina-bien-etre-724x1024.png 724w, https:\/\/annerothureaumtc.com\/wp-content\/uploads\/2024\/09\/Chi-Nei-Tsang-ou-Massage-Tuina-bien-etre-768x1086.png 768w, https:\/\/annerothureaumtc.com\/wp-content\/uploads\/2024\/09\/Chi-Nei-Tsang-ou-Massage-Tuina-bien-etre-1086x1536.png 1086w, https:\/\/annerothureaumtc.com\/wp-content\/uploads\/2024\/09\/Chi-Nei-Tsang-ou-Massage-Tuina-bien-etre-1448x2048.png 1448w\" sizes=\"auto, (max-width: 1587px) 100vw, 1587px\" \/><\/figure>\n<\/div>\n<\/div><\/div>\n\n\n\n<div data-aos= \"slide-left\" data-aos-duration=\"400\" data-aos-delay=\"0\" data-aos-easing=\"ease\" data-aos-once=\"true\" class=\"wp-block-uagb-container uagb-block-1e9ad26b alignfull uagb-is-root-container\"><div class=\"uagb-container__video-wrap\"><video autoplay loop muted playsinline><source src=\"http:\/\/annerothureaumtc.com\/wp-content\/uploads\/2023\/12\/6047517_Autumn-Tree-Branch-Leaf_By_Justinography_Artlist_HD.mp4\" type=\"video\/mp4\"\/><\/video><\/div><div class=\"uagb-container-inner-blocks-wrap\">\n<div class=\"wp-block-uagb-container uagb-block-a4d0da0d\">\n<div data-aos= \"fade\" data-aos-duration=\"400\" data-aos-delay=\"0\" data-aos-easing=\"ease\" data-aos-once=\"true\" class=\"wp-block-uagb-info-box uagb-block-a79835a3 uagb-infobox__content-wrap  uagb-infobox-icon-above-title uagb-infobox-image-valign-top\"><div class=\"uagb-ifb-content\"><div class=\"uagb-ifb-title-wrap\"><h2 class=\"uagb-ifb-title\">Atelier<br>\u00ab\u00a0Aborder le printemps avec la M\u00e9decine Traditionnelle Chinoise\u00a0\u00bb<\/h2><\/div><p class=\"uagb-ifb-desc\">Au cours de cet atelier, nous y aborderons les grands principes de la M\u00e9decine Traditionnelle Chinoise en lien avec le printemps, les aliments \u00e0 privil\u00e9gier pendant cette saison et des conseils pratiques et automassages.<br><br>Comprendre les influences saisonni\u00e8res sur notre organisme permet d&rsquo;ajuster son hygi\u00e8ne de vie en cons\u00e9quence, et maintenir \u00e9quilibre et sant\u00e9 globale.<br>  <br>Tarif : 15\u20ac \/ 120mn<br><\/p><div class=\"uagb-ifb-button-wrapper wp-block-button\"><a href=\"https:\/\/annerothureaumtc.com\/?page_id=617\" class=\"uagb-infobox-cta-link wp-block-button__link\" target=\"_self\" rel=\"noopener noreferrer\" onclick=\"return true;\"><span class=\"uagb-inline-editing\">CONTACT<\/span><\/a><\/div><\/div><\/div>\n<\/div>\n\n\n\n<div class=\"wp-block-uagb-container uagb-block-b9fddae3\">\n<figure class=\"wp-block-image size-full\"><img loading=\"lazy\" decoding=\"async\" width=\"1414\" height=\"2000\" src=\"https:\/\/annerothureaumtc.com\/wp-content\/uploads\/2024\/03\/Aborder-le-printemps-avec-la-Medecine-Traditionnelle-Chinoise-2.png\" alt=\"\" class=\"wp-image-1902\" srcset=\"https:\/\/annerothureaumtc.com\/wp-content\/uploads\/2024\/03\/Aborder-le-printemps-avec-la-Medecine-Traditionnelle-Chinoise-2.png 1414w, https:\/\/annerothureaumtc.com\/wp-content\/uploads\/2024\/03\/Aborder-le-printemps-avec-la-Medecine-Traditionnelle-Chinoise-2-212x300.png 212w, https:\/\/annerothureaumtc.com\/wp-content\/uploads\/2024\/03\/Aborder-le-printemps-avec-la-Medecine-Traditionnelle-Chinoise-2-724x1024.png 724w, https:\/\/annerothureaumtc.com\/wp-content\/uploads\/2024\/03\/Aborder-le-printemps-avec-la-Medecine-Traditionnelle-Chinoise-2-768x1086.png 768w, https:\/\/annerothureaumtc.com\/wp-content\/uploads\/2024\/03\/Aborder-le-printemps-avec-la-Medecine-Traditionnelle-Chinoise-2-1086x1536.png 1086w\" sizes=\"auto, (max-width: 1414px) 100vw, 1414px\" \/><\/figure>\n<\/div>\n<\/div><\/div>\n\n\n\n<div class=\"wp-block-uagb-container uagb-block-386af744 alignfull uagb-is-root-container\"><div class=\"uagb-container-inner-blocks-wrap\">\n<div class=\"wp-block-uagb-container uagb-block-1258fece\">\n<div class=\"wp-block-uagb-info-box uagb-block-ab181bc0 uagb-infobox__content-wrap  uagb-infobox-icon-above-title uagb-infobox-image-valign-top\"><div class=\"uagb-ifb-content\"><div class=\"uagb-ifb-title-wrap\"><h2 class=\"uagb-ifb-title\">Atelier : Troubles du sommeil, vers un sommeil plus serein<\/h2><\/div><p class=\"uagb-ifb-desc\">Difficult\u00e9s d&rsquo;endormissement, r\u00e9veils nocturnes, sommeil agit\u00e9 sont des troubles fr\u00e9quents&#8230;<br>Des solutions simples et naturelles existent pour retrouver un sommeil plus serein.<br>Lors de cet atelier, nous abordons quelques grands principes de la M\u00e9decine Traditionnelle Chinoise ( Th\u00e9orie du Yin et du Yang, les 5 El\u00e9ments) et les solutions propos\u00e9es par celle ci (conseils, di\u00e9t\u00e9tique, chinoise, technique d&rsquo;auto massage)<br><br>Tarif : participation libre<\/p><div class=\"uagb-ifb-button-wrapper wp-block-button\"><a href=\"https:\/\/annerothureaumtc.com\/\" class=\"uagb-infobox-cta-link wp-block-button__link\" target=\"_self\" rel=\"noopener noreferrer\" onclick=\"return true;\"><span class=\"uagb-inline-editing\">Accueil<\/span><\/a><\/div><\/div><\/div>\n<\/div>\n\n\n\n<div class=\"wp-block-uagb-container uagb-block-bd2851d4\">\n<figure class=\"wp-block-image size-full\"><img loading=\"lazy\" decoding=\"async\" width=\"1080\" height=\"1080\" src=\"http:\/\/annerothureaumtc.com\/wp-content\/uploads\/2024\/01\/Blue-and-Pink-You-Need-Sleep-More-Motivation-Instagram-Post.jpg\" alt=\"\" class=\"wp-image-1862\" srcset=\"https:\/\/annerothureaumtc.com\/wp-content\/uploads\/2024\/01\/Blue-and-Pink-You-Need-Sleep-More-Motivation-Instagram-Post.jpg 1080w, https:\/\/annerothureaumtc.com\/wp-content\/uploads\/2024\/01\/Blue-and-Pink-You-Need-Sleep-More-Motivation-Instagram-Post-300x300.jpg 300w, https:\/\/annerothureaumtc.com\/wp-content\/uploads\/2024\/01\/Blue-and-Pink-You-Need-Sleep-More-Motivation-Instagram-Post-1024x1024.jpg 1024w, https:\/\/annerothureaumtc.com\/wp-content\/uploads\/2024\/01\/Blue-and-Pink-You-Need-Sleep-More-Motivation-Instagram-Post-150x150.jpg 150w, https:\/\/annerothureaumtc.com\/wp-content\/uploads\/2024\/01\/Blue-and-Pink-You-Need-Sleep-More-Motivation-Instagram-Post-768x768.jpg 768w\" sizes=\"auto, (max-width: 1080px) 100vw, 1080px\" \/><\/figure>\n<\/div>\n<\/div><\/div>\n\n\n\n<div class=\"wp-block-uagb-container uagb-block-e538b30f alignfull uagb-is-root-container\"><div class=\"uagb-container-inner-blocks-wrap\">\n<div class=\"wp-block-uagb-container uagb-block-525b4832\">\n<div class=\"wp-block-uagb-info-box uagb-block-86e58142 uagb-infobox__content-wrap  uagb-infobox-icon-above-title uagb-infobox-image-valign-top\"><div class=\"uagb-ifb-content\"><div class=\"uagb-ifb-title-wrap\"><h2 class=\"uagb-ifb-title\">Se pr\u00e9parer \u00e0 l&rsquo;hiver &#8211; Vivre au rythme des saisons avec la M\u00e9decine Traditionnelle Chinoise<\/h2><\/div><p class=\"uagb-ifb-desc\">Selon le calendrier chinois, bas\u00e9 sur des mois lunaires, l&rsquo;hiver commence le 7 novembre. Le Yin cro\u00eet progressivement jusqu&rsquo;\u00e0 atteindre son apog\u00e9e au solstice d&rsquo;hiver.<br>Du point de vue de la M\u00e9decine Traditionnelle Chinoise, l&rsquo;Hiver est en lien avec les Reins et l&rsquo;\u00e9l\u00e9ment Eau.<br>C&rsquo;est une saison \u00e9prouvante pour notre corps: le froid, le manque de lumi\u00e8re, les maux hivernaux \u00e9puisent progressivement notre \u00e9nergie.<br><br>Au cours de cet atelier, nous aborderons les principes de la di\u00e9t\u00e9tique chinoise, les aliments \u00e0 pr\u00e9coniser, des conseils et auto-massages pour bien affronter la p\u00e9riode hivernale.<\/p><div class=\"uagb-ifb-button-wrapper wp-block-button\"><a href=\"https:\/\/annerothureaumtc.com\/\" class=\"uagb-infobox-cta-link wp-block-button__link\" target=\"_self\" rel=\"noopener noreferrer\" onclick=\"return true;\"><span class=\"uagb-inline-editing\">Accueil<\/span><\/a><\/div><\/div><\/div>\n<\/div>\n\n\n\n<div class=\"wp-block-uagb-container uagb-block-12fed375\">\n<div class=\"wp-block-columns is-layout-flex wp-container-core-columns-is-layout-28f84493 wp-block-columns-is-layout-flex\">\n<div class=\"wp-block-column is-layout-flow wp-block-column-is-layout-flow\" style=\"flex-basis:100%\">\n<figure class=\"wp-block-image size-large\"><img loading=\"lazy\" decoding=\"async\" width=\"576\" height=\"1024\" src=\"http:\/\/annerothureaumtc.com\/wp-content\/uploads\/2023\/11\/Story-hiver-simple-bleu-576x1024.jpg\" alt=\"\" class=\"wp-image-1588\" srcset=\"https:\/\/annerothureaumtc.com\/wp-content\/uploads\/2023\/11\/Story-hiver-simple-bleu-576x1024.jpg 576w, https:\/\/annerothureaumtc.com\/wp-content\/uploads\/2023\/11\/Story-hiver-simple-bleu-169x300.jpg 169w, https:\/\/annerothureaumtc.com\/wp-content\/uploads\/2023\/11\/Story-hiver-simple-bleu-768x1365.jpg 768w, https:\/\/annerothureaumtc.com\/wp-content\/uploads\/2023\/11\/Story-hiver-simple-bleu-864x1536.jpg 864w, https:\/\/annerothureaumtc.com\/wp-content\/uploads\/2023\/11\/Story-hiver-simple-bleu.jpg 1080w\" sizes=\"auto, (max-width: 576px) 100vw, 576px\" \/><\/figure>\n<\/div>\n<\/div>\n<\/div>\n<\/div><\/div>\n\n\n\n<div class=\"wp-block-uagb-container uagb-block-ceae34ec alignfull uagb-is-root-container\"><div class=\"uagb-container-inner-blocks-wrap\">\n<div class=\"wp-block-uagb-container uagb-block-a014aa51\">\n<div class=\"wp-block-uagb-info-box uagb-block-bcb50aaf uagb-infobox__content-wrap  uagb-infobox-icon-above-title uagb-infobox-image-valign-top\"><div class=\"uagb-ifb-content\"><div class=\"uagb-ifb-title-wrap\"><h2 class=\"uagb-ifb-title\">Octobre Rose 2023<\/h2><\/div><p class=\"uagb-ifb-desc\">Dans le cadre d&rsquo;Octobre Rose, pour chaque massage Tuina , 8\u20ac ont \u00e9t\u00e9 revers\u00e9s \u00e0 l&rsquo;association CANCER ESPOIR 49. <br>Cette association s&rsquo;investit aux c\u00f4t\u00e9s des personnes atteintes de cancer, en reversant ses dons \u00e0 l&rsquo;Institut de Canc\u00e9rologie de l&rsquo;Ouest, au centre Paul Papin d&rsquo;Angers, au service d&rsquo;Oncologie p\u00e9diatrique du CHU de Nantes, afin d&rsquo;apporter du bien \u00eatre aux malades.<\/p><div class=\"uagb-ifb-button-wrapper wp-block-button\"><a href=\"https:\/\/annerothureaumtc.com\/\" class=\"uagb-infobox-cta-link wp-block-button__link\" target=\"_self\" rel=\"noopener noreferrer\" onclick=\"return true;\"><span class=\"uagb-inline-editing\">Accueil<\/span><\/a><\/div><\/div><\/div>\n<\/div>\n\n\n\n<div class=\"wp-block-uagb-container uagb-block-b9c58d47\">\n<figure class=\"wp-block-image size-large is-resized\"><img loading=\"lazy\" decoding=\"async\" width=\"724\" height=\"1024\" src=\"https:\/\/annerothureaumtc.com\/wp-content\/uploads\/2023\/11\/affiche-octobre-rose-2023-12-724x1024.png\" alt=\"\" class=\"wp-image-1567\" style=\"aspect-ratio:0.70703125;width:560px;height:auto\" srcset=\"https:\/\/annerothureaumtc.com\/wp-content\/uploads\/2023\/11\/affiche-octobre-rose-2023-12-724x1024.png 724w, https:\/\/annerothureaumtc.com\/wp-content\/uploads\/2023\/11\/affiche-octobre-rose-2023-12-212x300.png 212w, https:\/\/annerothureaumtc.com\/wp-content\/uploads\/2023\/11\/affiche-octobre-rose-2023-12-768x1086.png 768w, https:\/\/annerothureaumtc.com\/wp-content\/uploads\/2023\/11\/affiche-octobre-rose-2023-12-1086x1536.png 1086w, https:\/\/annerothureaumtc.com\/wp-content\/uploads\/2023\/11\/affiche-octobre-rose-2023-12-1448x2048.png 1448w, https:\/\/annerothureaumtc.com\/wp-content\/uploads\/2023\/11\/affiche-octobre-rose-2023-12.png 1587w\" sizes=\"auto, (max-width: 724px) 100vw, 724px\" \/><\/figure>\n<\/div>\n<\/div><\/div>\n\n\n\n<div class=\"wp-block-uagb-container uagb-block-859212c1 alignfull uagb-is-root-container\"><div class=\"uagb-container-inner-blocks-wrap\">\n<div class=\"wp-block-uagb-container uagb-block-4ca31a64\"><\/div>\n\n\n\n<div class=\"wp-block-uagb-container uagb-block-31e61a85\"><\/div>\n<\/div><\/div>\n","protected":false},"excerpt":{"rendered":"","protected":false},"author":1,"featured_media":0,"parent":0,"menu_order":0,"comment_status":"closed","ping_status":"closed","template":"","meta":{"om_disable_all_campaigns":false,"_uag_custom_page_level_css":"","_monsterinsights_skip_tracking":false,"_monsterinsights_sitenote_active":false,"_monsterinsights_sitenote_note":"","_monsterinsights_sitenote_category":0,"site-sidebar-layout":"default","site-content-layout":"","ast-site-content-layout":"default","site-content-style":"default","site-sidebar-style":"default","ast-global-header-display":"","ast-banner-title-visibility":"","ast-main-header-display":"","ast-hfb-above-header-display":"","ast-hfb-below-header-display":"","ast-hfb-mobile-header-display":"","site-post-title":"disabled","ast-breadcrumbs-content":"","ast-featured-img":"","footer-sml-layout":"","theme-transparent-header-meta":"","adv-header-id-meta":"","stick-header-meta":"","header-above-stick-meta":"","header-main-stick-meta":"","header-below-stick-meta":"","astra-migrate-meta-layouts":"set","ast-page-background-enabled":"default","ast-page-background-meta":{"desktop":{"background-color":"var(--ast-global-color-4)","background-image":"","background-repeat":"repeat","background-position":"center center","background-size":"auto","background-attachment":"scroll","background-type":"","background-media":"","overlay-type":"","overlay-color":"","overlay-opacity":"","overlay-gradient":""},"tablet":{"background-color":"","background-image":"","background-repeat":"repeat","background-position":"center center","background-size":"auto","background-attachment":"scroll","background-type":"","background-media":"","overlay-type":"","overlay-color":"","overlay-opacity":"","overlay-gradient":""},"mobile":{"background-color":"","background-image":"","background-repeat":"repeat","background-position":"center center","background-size":"auto","background-attachment":"scroll","background-type":"","background-media":"","overlay-type":"","overlay-color":"","overlay-opacity":"","overlay-gradient":""}},"ast-content-background-meta":{"desktop":{"background-color":"var(--ast-global-color-5)","background-image":"","background-repeat":"repeat","background-position":"center center","background-size":"auto","background-attachment":"scroll","background-type":"","background-media":"","overlay-type":"","overlay-color":"","overlay-opacity":"","overlay-gradient":""},"tablet":{"background-color":"var(--ast-global-color-5)","background-image":"","background-repeat":"repeat","background-position":"center center","background-size":"auto","background-attachment":"scroll","background-type":"","background-media":"","overlay-type":"","overlay-color":"","overlay-opacity":"","overlay-gradient":""},"mobile":{"background-color":"var(--ast-global-color-5)","background-image":"","background-repeat":"repeat","background-position":"center center","background-size":"auto","background-attachment":"scroll","background-type":"","background-media":"","overlay-type":"","overlay-color":"","overlay-opacity":"","overlay-gradient":""}},"footnotes":""},"class_list":["post-1565","page","type-page","status-publish","hentry"],"uagb_featured_image_src":{"full":false,"thumbnail":false,"medium":false,"medium_large":false,"large":false,"1536x1536":false,"2048x2048":false},"uagb_author_info":{"display_name":"anne.rothureau.mtc@gmail.com","author_link":"https:\/\/annerothureaumtc.com\/author\/anne-rothureau-mtcgmail-com"},"uagb_comment_info":0,"uagb_excerpt":null,"_links":{"self":[{"href":"https:\/\/annerothureaumtc.com\/index.php?rest_route=\/wp\/v2\/pages\/1565","targetHints":{"allow":["GET"]}}],"collection":[{"href":"https:\/\/annerothureaumtc.com\/index.php?rest_route=\/wp\/v2\/pages"}],"about":[{"href":"https:\/\/annerothureaumtc.com\/index.php?rest_route=\/wp\/v2\/types\/page"}],"author":[{"embeddable":true,"href":"https:\/\/annerothureaumtc.com\/index.php?rest_route=\/wp\/v2\/users\/1"}],"replies":[{"embeddable":true,"href":"https:\/\/annerothureaumtc.com\/index.php?rest_route=%2Fwp%2Fv2%2Fcomments&post=1565"}],"version-history":[{"count":29,"href":"https:\/\/annerothureaumtc.com\/index.php?rest_route=\/wp\/v2\/pages\/1565\/revisions"}],"predecessor-version":[{"id":2163,"href":"https:\/\/annerothureaumtc.com\/index.php?rest_route=\/wp\/v2\/pages\/1565\/revisions\/2163"}],"wp:attachment":[{"href":"https:\/\/annerothureaumtc.com\/index.php?rest_route=%2Fwp%2Fv2%2Fmedia&parent=1565"}],"curies":[{"name":"wp","href":"https:\/\/api.w.org\/{rel}","templated":true}]}}