{"id":2,"date":"2022-07-23T20:36:17","date_gmt":"2022-07-23T20:36:17","guid":{"rendered":"http:\/\/annerothureaumtc.com\/?page_id=2"},"modified":"2026-03-25T07:28:12","modified_gmt":"2026-03-25T07:28:12","slug":"sample-page","status":"publish","type":"page","link":"https:\/\/annerothureaumtc.com\/?page_id=2","title":{"rendered":"D\u00e9roulement d&rsquo;une s\u00e9ance"},"content":{"rendered":"\n<figure class=\"wp-block-image aligncenter size-large is-resized has-custom-border is-style-rounded wp-duotone-unset-1\"><img loading=\"lazy\" decoding=\"async\" width=\"769\" height=\"1024\" src=\"https:\/\/annerothureaumtc.com\/wp-content\/uploads\/2023\/12\/1701807152180-1-769x1024.jpg\" alt=\"\" class=\"wp-image-1720\" style=\"border-style:none;border-width:0px;border-radius:0px;width:216px;height:auto\" srcset=\"https:\/\/annerothureaumtc.com\/wp-content\/uploads\/2023\/12\/1701807152180-1-769x1024.jpg 769w, https:\/\/annerothureaumtc.com\/wp-content\/uploads\/2023\/12\/1701807152180-1-225x300.jpg 225w, https:\/\/annerothureaumtc.com\/wp-content\/uploads\/2023\/12\/1701807152180-1-768x1022.jpg 768w, https:\/\/annerothureaumtc.com\/wp-content\/uploads\/2023\/12\/1701807152180-1-1154x1536.jpg 1154w, https:\/\/annerothureaumtc.com\/wp-content\/uploads\/2023\/12\/1701807152180-1-1538x2048.jpg 1538w, https:\/\/annerothureaumtc.com\/wp-content\/uploads\/2023\/12\/1701807152180-1-scaled.jpg 1923w\" sizes=\"auto, (max-width: 769px) 100vw, 769px\" \/><\/figure>\n\n\n\n<div class=\"wp-block-uagb-container uagb-block-ded2746a alignfull uagb-is-root-container\"><div class=\"uagb-container-inner-blocks-wrap\">\n<div class=\"wp-block-uagb-advanced-heading uagb-block-5affe763\"><h2 class=\"uagb-heading-text\">D\u00e9roulement d&rsquo;une s\u00e9ance<\/h2><\/div>\n\n\n\n<div class=\"wp-block-uagb-info-box uagb-block-2982114e uagb-infobox__content-wrap  uagb-infobox-icon-above-title uagb-infobox-image-valign-top\"><div class=\"uagb-ifb-content\"><div class=\"uagb-ifb-title-wrap\"><\/div><p class=\"uagb-ifb-desc\">La <strong>premi\u00e8re s\u00e9ance<\/strong> dure 1h30.<br>Elle comporte plusieurs aspects, propres \u00e0 la M\u00e9decine traditionnelle Chinoise&nbsp;: <br>       &#8211;  Temps d&rsquo;\u00e9change&nbsp;: les th\u00e8mes abord\u00e9s concernent aussi bien le cadre de vie, les conditions de travail, les habitudes alimentaires, le sommeil\u2026<br>       &#8211; Prise du pouls chinois       <br>       &#8211; Observation de la langue<br>Cette d\u00e9marche permet d\u2019orienter vers un bilan \u00e9nerg\u00e9tique , de d\u00e9finir l\u2019origine du d\u00e9s\u00e9quilibre et de&nbsp;proposer une approche la plus adapt\u00e9e et individualis\u00e9e possible \u00e0 l\u2019aide des diff\u00e9rents outils de la M\u00e9decine Chinoise. <br><br>Les <strong>s\u00e9ances de suivi<\/strong> durent 1h.&nbsp;<br><br>Les <strong>s\u00e9ances de  massage Tuina enfant <\/strong>durent 45 min.<br><\/p><\/div><\/div>\n\n\n\n<div data-aos= \"fade-down\" data-aos-duration=\"400\" data-aos-delay=\"0\" data-aos-easing=\"ease\" data-aos-once=\"true\" class=\"wp-block-uagb-info-box uagb-block-fc241160 uagb-infobox__content-wrap  uagb-infobox-icon-above-title uagb-infobox-image-valign-top\"><div class=\"uagb-ifb-content\"><div class=\"uagb-ifb-title-wrap\"><h5 class=\"uagb-ifb-title\"><strong>TARIFS <\/strong>: <\/h5><\/div><p class=\"uagb-ifb-desc\">Premi\u00e8re s\u00e9ance ( 1h30)\u00a0: 60 \u20ac<br>S\u00e9ance de suivi- inf\u00e9rieure \u00e0 6 mois ( 1h)\u00a0: 55 \u20ac<br>S\u00e9ance enfant massage Tuina ( 45 min)\u00a0: 30 \u20ac<br><br>Chi Nei Tsang (60mn) : 65\u20ac<br>Massage \u00ab\u00a0Tuina des saisons\u00a0\u00bb (60mn) : 65\u20ac<br><br>Les s\u00e9ances de M\u00e9decine Traditionnelle Chinoise sont prises en charge par certaines mutuelles de sant\u00e9<br><br>Moyens de paiements accept\u00e9s\u00a0: ch\u00e8que ou esp\u00e8ces<br><br><strong><em>\u00ab La consultation d\u2019un praticien en m\u00e9decine traditionnelle chinoise ne saurait remplacer le suivi m\u00e9dical habituel ou en cours, ni se substituer aux traitements en cours. Seul votre m\u00e9decin peut  \u00e9tablir un diagnostic m\u00e9dical, d\u00e9cider de l\u2019arr\u00eat ou de la modification d\u2019un traitement m\u00e9dical. \u00bb<\/em><\/strong><br><br><\/p><\/div><\/div>\n<\/div><\/div>\n","protected":false},"excerpt":{"rendered":"<p>D\u00e9roulement d&rsquo;une s\u00e9ance<\/p>\n","protected":false},"author":1,"featured_media":0,"parent":0,"menu_order":0,"comment_status":"closed","ping_status":"closed","template":"","meta":{"om_disable_all_campaigns":false,"_uag_custom_page_level_css":"","_monsterinsights_skip_tracking":false,"_monsterinsights_sitenote_active":false,"_monsterinsights_sitenote_note":"","_monsterinsights_sitenote_category":0,"site-sidebar-layout":"default","site-content-layout":"","ast-site-content-layout":"default","site-content-style":"default","site-sidebar-style":"default","ast-global-header-display":"","ast-banner-title-visibility":"","ast-main-header-display":"","ast-hfb-above-header-display":"","ast-hfb-below-header-display":"","ast-hfb-mobile-header-display":"","site-post-title":"disabled","ast-breadcrumbs-content":"","ast-featured-img":"","footer-sml-layout":"","theme-transparent-header-meta":"","adv-header-id-meta":"","stick-header-meta":"","header-above-stick-meta":"","header-main-stick-meta":"","header-below-stick-meta":"","astra-migrate-meta-layouts":"set","ast-page-background-enabled":"default","ast-page-background-meta":{"desktop":{"background-color":"var(--ast-global-color-4)","background-image":"","background-repeat":"repeat","background-position":"center center","background-size":"auto","background-attachment":"scroll","background-type":"","background-media":"","overlay-type":"","overlay-color":"","overlay-opacity":"","overlay-gradient":""},"tablet":{"background-color":"","background-image":"","background-repeat":"repeat","background-position":"center center","background-size":"auto","background-attachment":"scroll","background-type":"","background-media":"","overlay-type":"","overlay-color":"","overlay-opacity":"","overlay-gradient":""},"mobile":{"background-color":"","background-image":"","background-repeat":"repeat","background-position":"center center","background-size":"auto","background-attachment":"scroll","background-type":"","background-media":"","overlay-type":"","overlay-color":"","overlay-opacity":"","overlay-gradient":""}},"ast-content-background-meta":{"desktop":{"background-color":"var(--ast-global-color-5)","background-image":"","background-repeat":"repeat","background-position":"center center","background-size":"auto","background-attachment":"scroll","background-type":"","background-media":"","overlay-type":"","overlay-color":"","overlay-opacity":"","overlay-gradient":""},"tablet":{"background-color":"var(--ast-global-color-5)","background-image":"","background-repeat":"repeat","background-position":"center center","background-size":"auto","background-attachment":"scroll","background-type":"","background-media":"","overlay-type":"","overlay-color":"","overlay-opacity":"","overlay-gradient":""},"mobile":{"background-color":"var(--ast-global-color-5)","background-image":"","background-repeat":"repeat","background-position":"center center","background-size":"auto","background-attachment":"scroll","background-type":"","background-media":"","overlay-type":"","overlay-color":"","overlay-opacity":"","overlay-gradient":""}},"footnotes":""},"class_list":["post-2","page","type-page","status-publish","hentry"],"uagb_featured_image_src":{"full":false,"thumbnail":false,"medium":false,"medium_large":false,"large":false,"1536x1536":false,"2048x2048":false},"uagb_author_info":{"display_name":"anne.rothureau.mtc@gmail.com","author_link":"https:\/\/annerothureaumtc.com\/author\/anne-rothureau-mtcgmail-com"},"uagb_comment_info":0,"uagb_excerpt":"D\u00e9roulement d&rsquo;une s\u00e9ance","_links":{"self":[{"href":"https:\/\/annerothureaumtc.com\/index.php?rest_route=\/wp\/v2\/pages\/2","targetHints":{"allow":["GET"]}}],"collection":[{"href":"https:\/\/annerothureaumtc.com\/index.php?rest_route=\/wp\/v2\/pages"}],"about":[{"href":"https:\/\/annerothureaumtc.com\/index.php?rest_route=\/wp\/v2\/types\/page"}],"author":[{"embeddable":true,"href":"https:\/\/annerothureaumtc.com\/index.php?rest_route=\/wp\/v2\/users\/1"}],"replies":[{"embeddable":true,"href":"https:\/\/annerothureaumtc.com\/index.php?rest_route=%2Fwp%2Fv2%2Fcomments&post=2"}],"version-history":[{"count":54,"href":"https:\/\/annerothureaumtc.com\/index.php?rest_route=\/wp\/v2\/pages\/2\/revisions"}],"predecessor-version":[{"id":2246,"href":"https:\/\/annerothureaumtc.com\/index.php?rest_route=\/wp\/v2\/pages\/2\/revisions\/2246"}],"wp:attachment":[{"href":"https:\/\/annerothureaumtc.com\/index.php?rest_route=%2Fwp%2Fv2%2Fmedia&parent=2"}],"curies":[{"name":"wp","href":"https:\/\/api.w.org\/{rel}","templated":true}]}}