{"id":2120,"date":"2025-09-17T20:08:52","date_gmt":"2025-09-17T20:08:52","guid":{"rendered":"https:\/\/annerothureaumtc.com\/?page_id=2120"},"modified":"2025-09-17T20:49:47","modified_gmt":"2025-09-17T20:49:47","slug":"tuina-des-saisons","status":"publish","type":"page","link":"https:\/\/annerothureaumtc.com\/?page_id=2120","title":{"rendered":"Tuina des saisons"},"content":{"rendered":"\n<h1 class=\"wp-block-heading alignwide has-text-align-center has-x-large-font-size\">TUINA DES SAISONS<\/h1>\n\n\n\n<div class=\"wp-block-cover is-light has-medium-font-size\" style=\"border-style:none;border-width:0px;border-radius:13px;padding-top:0;padding-bottom:0;min-height:174px;aspect-ratio:unset;\"><img loading=\"lazy\" decoding=\"async\" width=\"555\" height=\"260\" class=\"wp-block-cover__image-background wp-image-2137 size-full\" alt=\"\" src=\"https:\/\/annerothureaumtc.com\/wp-content\/uploads\/2025\/09\/tuina-des-saisons_3.png\" data-object-fit=\"cover\" srcset=\"https:\/\/annerothureaumtc.com\/wp-content\/uploads\/2025\/09\/tuina-des-saisons_3.png 555w, https:\/\/annerothureaumtc.com\/wp-content\/uploads\/2025\/09\/tuina-des-saisons_3-300x141.png 300w\" sizes=\"auto, (max-width: 555px) 100vw, 555px\" \/><span aria-hidden=\"true\" class=\"wp-block-cover__background has-background-dim-20 has-background-dim\" style=\"background-color:#f0eae2\"><\/span><div class=\"wp-block-cover__inner-container is-layout-flow wp-block-cover-is-layout-flow\">\n<p class=\"has-text-align-center has-black-color has-text-color has-link-color has-medium-font-size wp-elements-4b2225fb737fef7c3932b96bd3a62691\"><\/p>\n<\/div><\/div>\n\n\n\n<p><\/p>\n\n\n\n<p class=\"has-text-align-left\"><\/p>\n\n\n\n<p>Le Tuina des saisons accompagne le corps au rythme des changements naturels. Chaque p\u00e9riode de l&rsquo;ann\u00e9e est en lien avec un organe et une \u00e9nergie particuli\u00e8re. Ce massage aide \u00e0 mieux s&rsquo;adapter aux transitions saisonni\u00e8res, \u00e0 pr\u00e9venir les d\u00e9s\u00e9quilibres.<\/p>\n\n\n\n<p><\/p>\n","protected":false},"excerpt":{"rendered":"<p>TUINA DES SAISONS Le Tuina des saisons accompagne le corps au rythme des changements naturels. Chaque p\u00e9riode de l&rsquo;ann\u00e9e est en lien avec un organe et une \u00e9nergie particuli\u00e8re. Ce massage aide \u00e0 mieux s&rsquo;adapter aux transitions saisonni\u00e8res, \u00e0 pr\u00e9venir les d\u00e9s\u00e9quilibres.<\/p>\n","protected":false},"author":1,"featured_media":0,"parent":0,"menu_order":0,"comment_status":"closed","ping_status":"closed","template":"","meta":{"om_disable_all_campaigns":false,"_uag_custom_page_level_css":"","_monsterinsights_skip_tracking":false,"_monsterinsights_sitenote_active":false,"_monsterinsights_sitenote_note":"","_monsterinsights_sitenote_category":0,"site-sidebar-layout":"default","site-content-layout":"","ast-site-content-layout":"default","site-content-style":"default","site-sidebar-style":"default","ast-global-header-display":"","ast-banner-title-visibility":"","ast-main-header-display":"","ast-hfb-above-header-display":"","ast-hfb-below-header-display":"","ast-hfb-mobile-header-display":"","site-post-title":"disabled","ast-breadcrumbs-content":"","ast-featured-img":"","footer-sml-layout":"","theme-transparent-header-meta":"","adv-header-id-meta":"","stick-header-meta":"","header-above-stick-meta":"","header-main-stick-meta":"","header-below-stick-meta":"","astra-migrate-meta-layouts":"set","ast-page-background-enabled":"default","ast-page-background-meta":{"desktop":{"background-color":"var(--ast-global-color-4)","background-image":"","background-repeat":"repeat","background-position":"center center","background-size":"auto","background-attachment":"scroll","background-type":"","background-media":"","overlay-type":"","overlay-color":"","overlay-opacity":"","overlay-gradient":""},"tablet":{"background-color":"","background-image":"","background-repeat":"repeat","background-position":"center center","background-size":"auto","background-attachment":"scroll","background-type":"","background-media":"","overlay-type":"","overlay-color":"","overlay-opacity":"","overlay-gradient":""},"mobile":{"background-color":"","background-image":"","background-repeat":"repeat","background-position":"center center","background-size":"auto","background-attachment":"scroll","background-type":"","background-media":"","overlay-type":"","overlay-color":"","overlay-opacity":"","overlay-gradient":""}},"ast-content-background-meta":{"desktop":{"background-color":"var(--ast-global-color-5)","background-image":"","background-repeat":"repeat","background-position":"center center","background-size":"auto","background-attachment":"scroll","background-type":"","background-media":"","overlay-type":"","overlay-color":"","overlay-opacity":"","overlay-gradient":""},"tablet":{"background-color":"var(--ast-global-color-5)","background-image":"","background-repeat":"repeat","background-position":"center center","background-size":"auto","background-attachment":"scroll","background-type":"","background-media":"","overlay-type":"","overlay-color":"","overlay-opacity":"","overlay-gradient":""},"mobile":{"background-color":"var(--ast-global-color-5)","background-image":"","background-repeat":"repeat","background-position":"center center","background-size":"auto","background-attachment":"scroll","background-type":"","background-media":"","overlay-type":"","overlay-color":"","overlay-opacity":"","overlay-gradient":""}},"footnotes":""},"class_list":["post-2120","page","type-page","status-publish","hentry"],"uagb_featured_image_src":{"full":false,"thumbnail":false,"medium":false,"medium_large":false,"large":false,"1536x1536":false,"2048x2048":false},"uagb_author_info":{"display_name":"anne.rothureau.mtc@gmail.com","author_link":"https:\/\/annerothureaumtc.com\/author\/anne-rothureau-mtcgmail-com"},"uagb_comment_info":0,"uagb_excerpt":"TUINA DES SAISONS Le Tuina des saisons accompagne le corps au rythme des changements naturels. Chaque p\u00e9riode de l&rsquo;ann\u00e9e est en lien avec un organe et une \u00e9nergie particuli\u00e8re. Ce massage aide \u00e0 mieux s&rsquo;adapter aux transitions saisonni\u00e8res, \u00e0 pr\u00e9venir les d\u00e9s\u00e9quilibres.","_links":{"self":[{"href":"https:\/\/annerothureaumtc.com\/index.php?rest_route=\/wp\/v2\/pages\/2120","targetHints":{"allow":["GET"]}}],"collection":[{"href":"https:\/\/annerothureaumtc.com\/index.php?rest_route=\/wp\/v2\/pages"}],"about":[{"href":"https:\/\/annerothureaumtc.com\/index.php?rest_route=\/wp\/v2\/types\/page"}],"author":[{"embeddable":true,"href":"https:\/\/annerothureaumtc.com\/index.php?rest_route=\/wp\/v2\/users\/1"}],"replies":[{"embeddable":true,"href":"https:\/\/annerothureaumtc.com\/index.php?rest_route=%2Fwp%2Fv2%2Fcomments&post=2120"}],"version-history":[{"count":4,"href":"https:\/\/annerothureaumtc.com\/index.php?rest_route=\/wp\/v2\/pages\/2120\/revisions"}],"predecessor-version":[{"id":2140,"href":"https:\/\/annerothureaumtc.com\/index.php?rest_route=\/wp\/v2\/pages\/2120\/revisions\/2140"}],"wp:attachment":[{"href":"https:\/\/annerothureaumtc.com\/index.php?rest_route=%2Fwp%2Fv2%2Fmedia&parent=2120"}],"curies":[{"name":"wp","href":"https:\/\/api.w.org\/{rel}","templated":true}]}}