{"id":2124,"date":"2025-09-17T20:13:11","date_gmt":"2025-09-17T20:13:11","guid":{"rendered":"https:\/\/annerothureaumtc.com\/?page_id=2124"},"modified":"2025-09-17T21:11:25","modified_gmt":"2025-09-17T21:11:25","slug":"chi-nei-tsang","status":"publish","type":"page","link":"https:\/\/annerothureaumtc.com\/?page_id=2124","title":{"rendered":"Chi Nei Tsang"},"content":{"rendered":"\n<h1 class=\"wp-block-heading alignwide has-text-align-center has-x-large-font-size\">CHI NEI TSANG<\/h1>\n\n\n\n<div class=\"wp-block-cover is-light has-medium-font-size\" style=\"border-style:none;border-width:0px;border-radius:13px;padding-top:0;padding-bottom:0;min-height:174px;aspect-ratio:unset;\"><img loading=\"lazy\" decoding=\"async\" width=\"412\" height=\"271\" class=\"wp-block-cover__image-background wp-image-2151 size-full\" alt=\"\" src=\"https:\/\/annerothureaumtc.com\/wp-content\/uploads\/2025\/09\/chi-nei-tsnag-1.png\" data-object-fit=\"cover\" srcset=\"https:\/\/annerothureaumtc.com\/wp-content\/uploads\/2025\/09\/chi-nei-tsnag-1.png 412w, https:\/\/annerothureaumtc.com\/wp-content\/uploads\/2025\/09\/chi-nei-tsnag-1-300x197.png 300w\" sizes=\"auto, (max-width: 412px) 100vw, 412px\" \/><span aria-hidden=\"true\" class=\"wp-block-cover__background has-background-dim-20 has-background-dim\" style=\"background-color:#d9d9d9\"><\/span><div class=\"wp-block-cover__inner-container is-layout-flow wp-block-cover-is-layout-flow\">\n<p class=\"has-text-align-center has-ast-global-color-5-color has-text-color has-link-color has-medium-font-size wp-elements-9f50ed80e0333234983a4a84d38bee56\"><\/p>\n<\/div><\/div>\n\n\n\n<p><\/p>\n\n\n\n<p><\/p>\n\n\n\n<p>Initi\u00e9 par les tao\u00efstes de la Chine ancienne, ce massage est ax\u00e9 principalement sur le ventre surnomm\u00e9 \u00ab\u00a0le deuxi\u00e8me cerveau\u00a0\u00bb.<\/p>\n\n\n\n<p>C&rsquo;est notamment au centre du nombril que s&rsquo;accumulent les \u00e9motions n\u00e9gatives, les tensions.<\/p>\n\n\n\n<p>Les b\u00e9n\u00e9fices du Chi Nei Tsang sont nombreux, c&rsquo;est un support au bien \u00eatre physique et psychologique. Il contribue notamment \u00e0 chasser les \u00e9motions n\u00e9gatives, r\u00e9duire stress et anxi\u00e9t\u00e9, stimuler le syst\u00e8me immunitaire, r\u00e9guler le syst\u00e8me nerveux, activer la circulation lymphatique.<\/p>\n\n\n\n<p>Outre son action relaxante, ce type de massage peut contribuer \u00e0 soulager certains troubles fonctionnels (diarrh\u00e9es, constipation, crampes abdominales), apaiser les douleurs lombaires.<\/p>\n\n\n\n<p><\/p>\n","protected":false},"excerpt":{"rendered":"<p>CHI NEI TSANG Initi\u00e9 par les tao\u00efstes de la Chine ancienne, ce massage est ax\u00e9 principalement sur le ventre surnomm\u00e9 \u00ab\u00a0le deuxi\u00e8me cerveau\u00a0\u00bb. C&rsquo;est notamment au centre du nombril que s&rsquo;accumulent les \u00e9motions n\u00e9gatives, les tensions. Les b\u00e9n\u00e9fices du Chi Nei Tsang sont nombreux, c&rsquo;est un support au bien \u00eatre physique et psychologique. Il contribue [&hellip;]<\/p>\n","protected":false},"author":1,"featured_media":0,"parent":0,"menu_order":0,"comment_status":"closed","ping_status":"closed","template":"","meta":{"om_disable_all_campaigns":false,"_uag_custom_page_level_css":"","_monsterinsights_skip_tracking":false,"_monsterinsights_sitenote_active":false,"_monsterinsights_sitenote_note":"","_monsterinsights_sitenote_category":0,"site-sidebar-layout":"default","site-content-layout":"","ast-site-content-layout":"default","site-content-style":"default","site-sidebar-style":"default","ast-global-header-display":"","ast-banner-title-visibility":"","ast-main-header-display":"","ast-hfb-above-header-display":"","ast-hfb-below-header-display":"","ast-hfb-mobile-header-display":"","site-post-title":"disabled","ast-breadcrumbs-content":"","ast-featured-img":"","footer-sml-layout":"","theme-transparent-header-meta":"","adv-header-id-meta":"","stick-header-meta":"","header-above-stick-meta":"","header-main-stick-meta":"","header-below-stick-meta":"","astra-migrate-meta-layouts":"set","ast-page-background-enabled":"default","ast-page-background-meta":{"desktop":{"background-color":"var(--ast-global-color-4)","background-image":"","background-repeat":"repeat","background-position":"center center","background-size":"auto","background-attachment":"scroll","background-type":"","background-media":"","overlay-type":"","overlay-color":"","overlay-opacity":"","overlay-gradient":""},"tablet":{"background-color":"","background-image":"","background-repeat":"repeat","background-position":"center center","background-size":"auto","background-attachment":"scroll","background-type":"","background-media":"","overlay-type":"","overlay-color":"","overlay-opacity":"","overlay-gradient":""},"mobile":{"background-color":"","background-image":"","background-repeat":"repeat","background-position":"center center","background-size":"auto","background-attachment":"scroll","background-type":"","background-media":"","overlay-type":"","overlay-color":"","overlay-opacity":"","overlay-gradient":""}},"ast-content-background-meta":{"desktop":{"background-color":"var(--ast-global-color-5)","background-image":"","background-repeat":"repeat","background-position":"center center","background-size":"auto","background-attachment":"scroll","background-type":"","background-media":"","overlay-type":"","overlay-color":"","overlay-opacity":"","overlay-gradient":""},"tablet":{"background-color":"var(--ast-global-color-5)","background-image":"","background-repeat":"repeat","background-position":"center center","background-size":"auto","background-attachment":"scroll","background-type":"","background-media":"","overlay-type":"","overlay-color":"","overlay-opacity":"","overlay-gradient":""},"mobile":{"background-color":"var(--ast-global-color-5)","background-image":"","background-repeat":"repeat","background-position":"center center","background-size":"auto","background-attachment":"scroll","background-type":"","background-media":"","overlay-type":"","overlay-color":"","overlay-opacity":"","overlay-gradient":""}},"footnotes":""},"class_list":["post-2124","page","type-page","status-publish","hentry"],"uagb_featured_image_src":{"full":false,"thumbnail":false,"medium":false,"medium_large":false,"large":false,"1536x1536":false,"2048x2048":false},"uagb_author_info":{"display_name":"anne.rothureau.mtc@gmail.com","author_link":"https:\/\/annerothureaumtc.com\/author\/anne-rothureau-mtcgmail-com"},"uagb_comment_info":0,"uagb_excerpt":"CHI NEI TSANG Initi\u00e9 par les tao\u00efstes de la Chine ancienne, ce massage est ax\u00e9 principalement sur le ventre surnomm\u00e9 \u00ab\u00a0le deuxi\u00e8me cerveau\u00a0\u00bb. C&rsquo;est notamment au centre du nombril que s&rsquo;accumulent les \u00e9motions n\u00e9gatives, les tensions. Les b\u00e9n\u00e9fices du Chi Nei Tsang sont nombreux, c&rsquo;est un support au bien \u00eatre physique et psychologique. Il contribue\u2026","_links":{"self":[{"href":"https:\/\/annerothureaumtc.com\/index.php?rest_route=\/wp\/v2\/pages\/2124","targetHints":{"allow":["GET"]}}],"collection":[{"href":"https:\/\/annerothureaumtc.com\/index.php?rest_route=\/wp\/v2\/pages"}],"about":[{"href":"https:\/\/annerothureaumtc.com\/index.php?rest_route=\/wp\/v2\/types\/page"}],"author":[{"embeddable":true,"href":"https:\/\/annerothureaumtc.com\/index.php?rest_route=\/wp\/v2\/users\/1"}],"replies":[{"embeddable":true,"href":"https:\/\/annerothureaumtc.com\/index.php?rest_route=%2Fwp%2Fv2%2Fcomments&post=2124"}],"version-history":[{"count":4,"href":"https:\/\/annerothureaumtc.com\/index.php?rest_route=\/wp\/v2\/pages\/2124\/revisions"}],"predecessor-version":[{"id":2152,"href":"https:\/\/annerothureaumtc.com\/index.php?rest_route=\/wp\/v2\/pages\/2124\/revisions\/2152"}],"wp:attachment":[{"href":"https:\/\/annerothureaumtc.com\/index.php?rest_route=%2Fwp%2Fv2%2Fmedia&parent=2124"}],"curies":[{"name":"wp","href":"https:\/\/api.w.org\/{rel}","templated":true}]}}