{"id":572,"date":"2021-06-18T06:33:33","date_gmt":"2021-06-18T06:33:33","guid":{"rendered":"http:\/\/annerothureaumtc.com\/?page_id=572"},"modified":"2026-02-03T13:10:23","modified_gmt":"2026-02-03T13:10:23","slug":"home","status":"publish","type":"page","link":"https:\/\/annerothureaumtc.com\/","title":{"rendered":"Accueil"},"content":{"rendered":"\n<div class=\"wp-block-uagb-container uagb-block-74266005 default uagb-is-root-container\">\n<div class=\"wp-block-uagb-container uagb-block-3330d6fa\">\n<div class=\"wp-block-uagb-container uagb-block-3c32aa87\">\n<p class=\"has-text-align-center has-ast-global-color-1-color has-text-color has-medium-font-size\" style=\"margin-top:var(--wp--preset--spacing--20);margin-right:0;margin-bottom:var(--wp--preset--spacing--20);margin-left:0;padding-top:0;padding-right:0;padding-bottom:0;padding-left:0\"><strong>MEDECINE TRADITIONNELLE CHINOISE<\/strong><\/p>\n<\/div>\n\n\n\n<div class=\"wp-block-uagb-container uagb-block-7df8431d\"><\/div>\n\n\n\n<div class=\"wp-block-uagb-buttons uagb-buttons__outer-wrap uagb-btn__small-btn uagb-btn-tablet__default-btn uagb-btn-mobile__default-btn uagb-block-091f7fcf\"><div class=\"uagb-buttons__wrap uagb-buttons-layout-wrap \">\n<div class=\"wp-block-uagb-buttons-child uagb-buttons__outer-wrap uagb-block-93cb4f92 wp-block-button\"><div class=\"uagb-button__wrapper\"><a class=\"uagb-buttons-repeater wp-block-button__link\" aria-label=\"\" href=\"https:\/\/annerothureaumtc.com\/?page_id=617\" rel=\"follow noopener\" target=\"_self\" role=\"button\"><div class=\"uagb-button__link\">Contact<\/div><\/a><\/div><\/div>\n\n\n\n<div class=\"wp-block-uagb-buttons-child uagb-buttons__outer-wrap uagb-block-f015de88 wp-block-button\"><div class=\"uagb-button__wrapper\"><a class=\"uagb-buttons-repeater wp-block-button__link\" aria-label=\"\" href=\"https:\/\/annerothureaumtc.com\/?page_id=1497\" rel=\"follow noopener\" target=\"_self\" role=\"button\"><div class=\"uagb-button__link\">PRENDRE RDV<\/div><\/a><\/div><\/div>\n<\/div><\/div>\n<\/div>\n<\/div>\n\n\n\n<div class=\"wp-block-uagb-container uagb-block-72657256 alignfull uagb-is-root-container\"><div class=\"uagb-container-inner-blocks-wrap\">\n<p class=\"has-text-align-center\"><strong>Une approche globale et un accompagnement personnalis\u00e9<\/strong><\/p>\n\n\n\n<div class=\"wp-block-uagb-advanced-heading uagb-block-d35f2529\"><p class=\"uagb-desc-text\">L&rsquo;environnement dans lequel nous vivons, les changements de saison, notre rythme de vie, notre alimentation, nos \u00e9tats \u00e9motionnels peuvent avoir une influence sur notre organisme et un impact sur notre sant\u00e9.<br>La M\u00e9decine Traditionnelle Chinoise est une approche mill\u00e9naire qui prend en consid\u00e9ration ces diff\u00e9rents aspects et propose une vision holistique, en abordant chaque individu dans sa globalit\u00e9 tout en prenant en compte son individualit\u00e9.                                                                             Elle ne se limite pas \u00e0 soulager les sympt\u00f4mes mais s&rsquo;attache \u00e0 rechercher et comprendre les causes profondes des d\u00e9s\u00e9quilibres ou dysfonctionnements de l&rsquo;organisme.<br><\/p><\/div>\n\n\n\n<p><\/p>\n\n\n\n<p class=\"has-text-align-center\">Pourquoi choisir cette approche compl\u00e9mentaire ?<\/p>\n\n\n\n<ul class=\"wp-block-list\">\n<li><strong>Une approche holistique <\/strong>: Elle consid\u00e8re l&rsquo;individu dans sa globalit\u00e9, prenant en compte non seulement vos sympt\u00f4mes physiques mais \u00e9galement vos \u00e9motions, votre alimentation et l&rsquo;environnement qui vous entoure.<\/li>\n\n\n\n<li><strong>Une approche personnalis\u00e9e<\/strong> : Chaque individu \u00e9tant unique, cette discipline prend en consid\u00e9ration votre constitution, votre v\u00e9cu, votre mode de vie en respectant votre individualit\u00e9.<\/li>\n\n\n\n<li><strong>Des techniques vari\u00e9es et douces<\/strong>: Proposant une multitude de m\u00e9thodes douces, chaque technique est minutieusement choisie et adapt\u00e9e pour r\u00e9pondre \u00e0 vos besoins.<\/li>\n\n\n\n<li><strong>Une approche pr\u00e9ventive<\/strong>: En identifiant et en corrigeant les d\u00e9s\u00e9quilibres du corps, elle favorise en \u00e9tat de bien \u00eatre durable.<\/li>\n\n\n\n<li><strong>Une sagesse ancestrale<\/strong> : Forte de plusieurs mill\u00e9naires d&rsquo;histoire, elle repose sur un savoir accumul\u00e9 et \u00e9prouv\u00e9 au fil du temps, pratiqu\u00e9e dans le monde entier.<\/li>\n<\/ul>\n<\/div><\/div>\n\n\n\n<p><\/p>\n\n\n\n<figure class=\"wp-block-image aligncenter size-full is-resized\"><img decoding=\"async\" src=\"https:\/\/annerothureaumtc.com\/wp-content\/uploads\/2023\/10\/e4b48e5b-79cd-43e6-a448-338a4d11ebc5-1.png\" alt=\"\" style=\"width:75px;height:auto\"\/><\/figure>\n\n\n\n<p class=\"has-x-large-font-size\"><\/p>\n\n\n\n<div data-aos= \"fade-left\" data-aos-duration=\"400\" data-aos-delay=\"0\" data-aos-easing=\"ease\" data-aos-once=\"true\" class=\"wp-block-uagb-container uagb-block-0b49c882 alignfull uagb-is-root-container\"><div class=\"uagb-container__video-wrap\"><\/div><div class=\"uagb-container-inner-blocks-wrap\">\n<div class=\"wp-block-columns is-layout-flex wp-container-core-columns-is-layout-28f84493 wp-block-columns-is-layout-flex\">\n<div class=\"wp-block-column is-layout-flow wp-block-column-is-layout-flow\" style=\"flex-basis:100%\">\n<div class=\"wp-block-uagb-container uagb-block-f0bde3fc\"><div class=\"uagb-container__video-wrap\"><\/div>\n<div class=\"wp-block-columns is-layout-flex wp-container-core-columns-is-layout-28f84493 wp-block-columns-is-layout-flex\">\n<div class=\"wp-block-column is-layout-flow wp-block-column-is-layout-flow\">\n<p class=\"has-text-align-left\"><\/p>\n<\/div>\n\n\n\n<div class=\"wp-block-column is-layout-flow wp-block-column-is-layout-flow\"><\/div>\n<\/div>\n<\/div>\n<\/div>\n<\/div>\n\n\n\n<p class=\"has-text-align-center\"><strong>A NOTER<\/strong><\/p>\n\n\n\n<p class=\"has-text-align-center\"><strong><em>Les s\u00e9ances de M\u00e9decine Traditionnelle Chinoise s&rsquo;inscrivent dans une d\u00e9marche de bien-\u00eatre et d&rsquo;accompagnement global. Elles ne se substituent en aucun cas \u00e0 un suivi m\u00e9dical. En cas de doute ou de probl\u00e8me de sant\u00e9, il est important de consulter votre m\u00e9decin traitant<\/em><\/strong><\/p>\n<\/div><\/div>\n\n\n\n<p class=\"has-text-align-center\"><\/p>\n\n\n\n<p><\/p>\n","protected":false},"excerpt":{"rendered":"<p>MEDECINE TRADITIONNELLE CHINOISE Une approche globale et un accompagnement personnalis\u00e9 L&rsquo;environnement dans lequel nous vivons, les changements de saison, notre rythme de vie, notre alimentation, nos \u00e9tats \u00e9motionnels peuvent avoir une influence sur notre organisme et un impact sur notre sant\u00e9.La M\u00e9decine Traditionnelle Chinoise est une approche mill\u00e9naire qui prend en consid\u00e9ration ces diff\u00e9rents aspects [&hellip;]<\/p>\n","protected":false},"author":1,"featured_media":932,"parent":0,"menu_order":0,"comment_status":"closed","ping_status":"closed","template":"","meta":{"om_disable_all_campaigns":false,"_uag_custom_page_level_css":"","_monsterinsights_skip_tracking":false,"_monsterinsights_sitenote_active":false,"_monsterinsights_sitenote_note":"","_monsterinsights_sitenote_category":0,"site-sidebar-layout":"no-sidebar","site-content-layout":"plain-container","ast-site-content-layout":"normal-width-container","site-content-style":"unboxed","site-sidebar-style":"unboxed","ast-global-header-display":"","ast-banner-title-visibility":"","ast-main-header-display":"","ast-hfb-above-header-display":"","ast-hfb-below-header-display":"","ast-hfb-mobile-header-display":"","site-post-title":"disabled","ast-breadcrumbs-content":"disabled","ast-featured-img":"disabled","footer-sml-layout":"","theme-transparent-header-meta":"enabled","adv-header-id-meta":"","stick-header-meta":"","header-above-stick-meta":"","header-main-stick-meta":"","header-below-stick-meta":"","astra-migrate-meta-layouts":"set","ast-page-background-enabled":"default","ast-page-background-meta":{"desktop":{"background-color":"var(--ast-global-color-4)","background-image":"","background-repeat":"repeat","background-position":"center center","background-size":"auto","background-attachment":"scroll","background-type":"","background-media":"","overlay-type":"","overlay-color":"","overlay-opacity":"","overlay-gradient":""},"tablet":{"background-color":"","background-image":"","background-repeat":"repeat","background-position":"center center","background-size":"auto","background-attachment":"scroll","background-type":"","background-media":"","overlay-type":"","overlay-color":"","overlay-opacity":"","overlay-gradient":""},"mobile":{"background-color":"","background-image":"","background-repeat":"repeat","background-position":"center center","background-size":"auto","background-attachment":"scroll","background-type":"","background-media":"","overlay-type":"","overlay-color":"","overlay-opacity":"","overlay-gradient":""}},"ast-content-background-meta":{"desktop":{"background-color":"var(--ast-global-color-5)","background-image":"","background-repeat":"repeat","background-position":"center center","background-size":"auto","background-attachment":"scroll","background-type":"","background-media":"","overlay-type":"","overlay-color":"","overlay-opacity":"","overlay-gradient":""},"tablet":{"background-color":"var(--ast-global-color-5)","background-image":"","background-repeat":"repeat","background-position":"center center","background-size":"auto","background-attachment":"scroll","background-type":"","background-media":"","overlay-type":"","overlay-color":"","overlay-opacity":"","overlay-gradient":""},"mobile":{"background-color":"var(--ast-global-color-5)","background-image":"","background-repeat":"repeat","background-position":"center center","background-size":"auto","background-attachment":"scroll","background-type":"","background-media":"","overlay-type":"","overlay-color":"","overlay-opacity":"","overlay-gradient":""}},"footnotes":""},"class_list":["post-572","page","type-page","status-publish","has-post-thumbnail","hentry"],"uagb_featured_image_src":{"full":["https:\/\/annerothureaumtc.com\/wp-content\/uploads\/2022\/10\/cropped-cropped-fond.jpg",131,152,false],"thumbnail":["https:\/\/annerothureaumtc.com\/wp-content\/uploads\/2022\/10\/cropped-cropped-fond-131x150.jpg",131,150,true],"medium":["https:\/\/annerothureaumtc.com\/wp-content\/uploads\/2022\/10\/cropped-cropped-fond.jpg",131,152,false],"medium_large":["https:\/\/annerothureaumtc.com\/wp-content\/uploads\/2022\/10\/cropped-cropped-fond.jpg",131,152,false],"large":["https:\/\/annerothureaumtc.com\/wp-content\/uploads\/2022\/10\/cropped-cropped-fond.jpg",131,152,false],"1536x1536":["https:\/\/annerothureaumtc.com\/wp-content\/uploads\/2022\/10\/cropped-cropped-fond.jpg",131,152,false],"2048x2048":["https:\/\/annerothureaumtc.com\/wp-content\/uploads\/2022\/10\/cropped-cropped-fond.jpg",131,152,false]},"uagb_author_info":{"display_name":"anne.rothureau.mtc@gmail.com","author_link":"https:\/\/annerothureaumtc.com\/author\/anne-rothureau-mtcgmail-com"},"uagb_comment_info":0,"uagb_excerpt":"MEDECINE TRADITIONNELLE CHINOISE Une approche globale et un accompagnement personnalis\u00e9 L&rsquo;environnement dans lequel nous vivons, les changements de saison, notre rythme de vie, notre alimentation, nos \u00e9tats \u00e9motionnels peuvent avoir une influence sur notre organisme et un impact sur notre sant\u00e9.La M\u00e9decine Traditionnelle Chinoise est une approche mill\u00e9naire qui prend en consid\u00e9ration ces diff\u00e9rents aspects\u2026","_links":{"self":[{"href":"https:\/\/annerothureaumtc.com\/index.php?rest_route=\/wp\/v2\/pages\/572","targetHints":{"allow":["GET"]}}],"collection":[{"href":"https:\/\/annerothureaumtc.com\/index.php?rest_route=\/wp\/v2\/pages"}],"about":[{"href":"https:\/\/annerothureaumtc.com\/index.php?rest_route=\/wp\/v2\/types\/page"}],"author":[{"embeddable":true,"href":"https:\/\/annerothureaumtc.com\/index.php?rest_route=\/wp\/v2\/users\/1"}],"replies":[{"embeddable":true,"href":"https:\/\/annerothureaumtc.com\/index.php?rest_route=%2Fwp%2Fv2%2Fcomments&post=572"}],"version-history":[{"count":327,"href":"https:\/\/annerothureaumtc.com\/index.php?rest_route=\/wp\/v2\/pages\/572\/revisions"}],"predecessor-version":[{"id":2243,"href":"https:\/\/annerothureaumtc.com\/index.php?rest_route=\/wp\/v2\/pages\/572\/revisions\/2243"}],"wp:featuredmedia":[{"embeddable":true,"href":"https:\/\/annerothureaumtc.com\/index.php?rest_route=\/wp\/v2\/media\/932"}],"wp:attachment":[{"href":"https:\/\/annerothureaumtc.com\/index.php?rest_route=%2Fwp%2Fv2%2Fmedia&parent=572"}],"curies":[{"name":"wp","href":"https:\/\/api.w.org\/{rel}","templated":true}]}}