{"id":607,"date":"2021-06-18T08:38:00","date_gmt":"2021-06-18T08:38:00","guid":{"rendered":"http:\/\/annerothureaumtc.com\/?page_id=607"},"modified":"2026-01-17T14:43:45","modified_gmt":"2026-01-17T14:43:45","slug":"classes","status":"publish","type":"page","link":"https:\/\/annerothureaumtc.com\/?page_id=607","title":{"rendered":"Qu&rsquo;est ce que la MTC ?"},"content":{"rendered":"\n<div class=\"wp-block-uagb-container uagb-block-52d3f40b alignfull uagb-is-root-container\"><div class=\"uagb-container-inner-blocks-wrap\"><\/div><\/div>\n\n\n\n<p><\/p>\n\n\n\n<p><\/p>\n\n\n\n<div class=\"wp-block-uagb-container uagb-block-0bf2696d alignfull uagb-is-root-container\"><div class=\"uagb-container-inner-blocks-wrap\">\n<div class=\"wp-block-uagb-container uagb-block-7021b980\">\n<p><\/p>\n\n\n\n<p><\/p>\n\n\n\n<p><\/p>\n\n\n\n<p><\/p>\n\n\n\n<div class=\"wp-block-uagb-advanced-heading uagb-block-53b99427\"><h3 class=\"uagb-heading-text\">QU\u2019EST-CE QUE LA MEDECINE TRADITIONNELLE CHINOISE&nbsp;:<\/h3><\/div>\n<\/div>\n\n\n\n<div class=\"wp-block-uagb-container uagb-block-aeca4b19\">\n<p class=\"has-text-align-left\">La m\u00e9decine chinoise telle qu\u2019elle est aujourd\u2019hui pratiqu\u00e9e plonge ses racines dans la plus haute antiquit\u00e9 chinoise. Les th\u00e9ories du Yin et du Yang, des cinq mouvements, de l\u2019\u00e9nergie (appel\u00e9 le Qi) &nbsp;qui permettent de comprendre le monde et son \u00e9volution apparaissent et se sont d\u00e9velopp\u00e9s tout au long des deux mill\u00e9naires avant l\u2019\u00e8re chr\u00e9tienne.<\/p>\n\n\n\n<p>Cette discipline mill\u00e9naire est fondamentalement construite \u00e0 partir de ces concepts et trouve en particulier dans le courant tao\u00efste, une de ses sources les plus profondes. Elle insiste notamment sur l\u2019importance de la place de l\u2019homme dans son environnement.<\/p>\n\n\n\n<p>C&rsquo;est une approche holistique, c\u2019est-\u00e0-dire qu\u2019elle aborde l&rsquo;individu dans sa globalit\u00e9, en prenant en compte son v\u00e9cu, son environnement, sa dimension physique, \u00e9motionnelle et spirituelle. Elle s\u2019attache avant tout \u00e0 rechercher la ou les causes des sympt\u00f4mes afin de traiter la racine du ou des d\u00e9s\u00e9quilibres ou dysfonctionnements de l\u2019organisme.<\/p>\n\n\n\n<p>Elle vise \u00e0 maintenir l&rsquo;harmonie de l&rsquo;\u00e9nergie (le Qi) \u00e0 l&rsquo;int\u00e9rieur du corps. L&rsquo;\u00e9nergie circule dans les m\u00e9ridiens en suivant un trajet bien pr\u00e9cis, le but recherch\u00e9 est d&rsquo;assurer sa libre circulation dans tout l&rsquo;organisme.<\/p>\n\n\n\n<ul class=\"wp-block-list\">\n<li>Les diff\u00e9rentes branches de la M\u00e9decine Traditionnelle Chinoise\u00a0:<ul><li>Massage Tuina, moxibustion<\/li><\/ul>\n<ul class=\"wp-block-list\">\n<li>Di\u00e9t\u00e9tique chinoise<\/li>\n\n\n\n<li>Pharmacop\u00e9e chinoise<\/li>\n\n\n\n<li>Qi Gong<\/li>\n<\/ul>\n<\/li>\n<\/ul>\n<\/div>\n<\/div><\/div>\n\n\n\n<div class=\"wp-block-uagb-container uagb-block-9f067fff alignfull uagb-is-root-container\"><div class=\"uagb-container-inner-blocks-wrap\">\n<div class=\"wp-block-uagb-container uagb-block-07427b20\">\n<p><\/p>\n\n\n\n<p><\/p>\n\n\n\n<p><\/p>\n\n\n\n<p><\/p>\n\n\n\n<div class=\"wp-block-uagb-advanced-heading uagb-block-7da88e4f\"><h3 class=\"uagb-heading-text\">LES OUTILS DE LA MTC :<\/h3><\/div>\n<\/div>\n\n\n\n<div class=\"wp-block-uagb-container uagb-block-6dc0f96f\">\n<div class=\"wp-block-uagb-container uagb-block-e48b298e\">\n<div class=\"wp-block-cover is-light has-medium-font-size\" style=\"border-style:none;border-width:0px;border-radius:13px;padding-top:0;padding-bottom:0;min-height:174px;aspect-ratio:unset;\"><img loading=\"lazy\" decoding=\"async\" width=\"600\" height=\"460\" class=\"wp-block-cover__image-background wp-image-808\" alt=\"Tuina\" src=\"http:\/\/annerothureaumtc.com\/wp-content\/uploads\/2022\/09\/blandine-dugelay-massage-tuina-4-barral-die.jpg.jpg\" data-object-fit=\"cover\" srcset=\"https:\/\/annerothureaumtc.com\/wp-content\/uploads\/2022\/09\/blandine-dugelay-massage-tuina-4-barral-die.jpg.jpg 600w, https:\/\/annerothureaumtc.com\/wp-content\/uploads\/2022\/09\/blandine-dugelay-massage-tuina-4-barral-die.jpg-300x230.jpg 300w\" sizes=\"auto, (max-width: 600px) 100vw, 600px\" \/><span aria-hidden=\"true\" class=\"wp-block-cover__background has-background-dim-20 has-background-dim\"><\/span><div class=\"wp-block-cover__inner-container is-layout-flow wp-block-cover-is-layout-flow\">\n<p class=\"has-text-align-center has-ast-global-color-5-color has-text-color has-link-color has-medium-font-size wp-elements-7733fa713befc2b0d67d567e74ee60f3\"><a href=\"https:\/\/annerothureaumtc.com\/?page_id=980\"><strong>TUINA<\/strong><\/a><\/p>\n<\/div><\/div>\n\n\n\n<div class=\"wp-block-cover has-medium-font-size\" style=\"border-style:none;border-width:0px;border-radius:13px;padding-top:0;padding-bottom:0;min-height:174px;aspect-ratio:unset;\"><img loading=\"lazy\" decoding=\"async\" width=\"639\" height=\"396\" class=\"wp-block-cover__image-background wp-image-1563\" alt=\"\" src=\"http:\/\/annerothureaumtc.com\/wp-content\/uploads\/2023\/11\/acupression.jpg\" data-object-fit=\"cover\" srcset=\"https:\/\/annerothureaumtc.com\/wp-content\/uploads\/2023\/11\/acupression.jpg 639w, https:\/\/annerothureaumtc.com\/wp-content\/uploads\/2023\/11\/acupression-300x186.jpg 300w\" sizes=\"auto, (max-width: 639px) 100vw, 639px\" \/><span aria-hidden=\"true\" class=\"wp-block-cover__background has-background-dim-20 has-background-dim\"><\/span><div class=\"wp-block-cover__inner-container is-layout-flow wp-block-cover-is-layout-flow\">\n<p class=\"has-text-align-center has-ast-global-color-5-color has-text-color has-link-color has-medium-font-size wp-elements-0534536979631b12c3e9b1de57076e6a\"><a href=\"https:\/\/annerothureaumtc.com\/?page_id=1440\"><strong>ACUPRESSION<\/strong><\/a><\/p>\n<\/div><\/div>\n\n\n\n<div class=\"wp-block-cover has-medium-font-size wp-duotone-grayscale\" style=\"border-style:none;border-width:0px;border-radius:13px;padding-top:0;padding-bottom:0;min-height:174px;aspect-ratio:unset;\"><img loading=\"lazy\" decoding=\"async\" width=\"819\" height=\"460\" class=\"wp-block-cover__image-background wp-image-853\" alt=\"\" src=\"http:\/\/annerothureaumtc.com\/wp-content\/uploads\/2022\/10\/moxi-1.jpg\" data-object-fit=\"cover\" srcset=\"https:\/\/annerothureaumtc.com\/wp-content\/uploads\/2022\/10\/moxi-1.jpg 819w, https:\/\/annerothureaumtc.com\/wp-content\/uploads\/2022\/10\/moxi-1-300x168.jpg 300w, https:\/\/annerothureaumtc.com\/wp-content\/uploads\/2022\/10\/moxi-1-768x431.jpg 768w\" sizes=\"auto, (max-width: 819px) 100vw, 819px\" \/><span aria-hidden=\"true\" class=\"wp-block-cover__background has-background-dim-0 has-background-dim\"><\/span><div class=\"wp-block-cover__inner-container is-layout-flow wp-block-cover-is-layout-flow\">\n<p class=\"has-text-align-center has-ast-global-color-5-color has-text-color has-link-color has-medium-font-size wp-elements-6b54c4deea022f2b6033bf54ec9204f8\"><a href=\"https:\/\/annerothureaumtc.com\/?page_id=1000\"><strong>MOXIBUSTION<\/strong><\/a><\/p>\n<\/div><\/div>\n\n\n\n<div class=\"wp-block-cover has-medium-font-size wp-duotone-grayscale\" style=\"border-style:none;border-width:0px;border-radius:13px;padding-top:0;padding-bottom:0;min-height:174px;aspect-ratio:unset;\"><img loading=\"lazy\" decoding=\"async\" width=\"1000\" height=\"667\" class=\"wp-block-cover__image-background wp-image-895\" alt=\"\" src=\"http:\/\/annerothureaumtc.com\/wp-content\/uploads\/2022\/10\/AdobeStock_60659389_Preview.jpeg\" data-object-fit=\"cover\" srcset=\"https:\/\/annerothureaumtc.com\/wp-content\/uploads\/2022\/10\/AdobeStock_60659389_Preview.jpeg 1000w, https:\/\/annerothureaumtc.com\/wp-content\/uploads\/2022\/10\/AdobeStock_60659389_Preview-300x200.jpeg 300w, https:\/\/annerothureaumtc.com\/wp-content\/uploads\/2022\/10\/AdobeStock_60659389_Preview-768x512.jpeg 768w\" sizes=\"auto, (max-width: 1000px) 100vw, 1000px\" \/><span aria-hidden=\"true\" class=\"wp-block-cover__background has-background-dim-20 has-background-dim\"><\/span><div class=\"wp-block-cover__inner-container is-layout-flow wp-block-cover-is-layout-flow\">\n<p class=\"has-text-align-center has-ast-global-color-5-color has-text-color has-link-color has-medium-font-size wp-elements-ff468599deee61f752ef0b6d72e6a92c\"><a href=\"https:\/\/annerothureaumtc.com\/?page_id=1014\"><strong>DIETETIQUE CHINOISE<\/strong><\/a><\/p>\n<\/div><\/div>\n<\/div>\n<\/div>\n<\/div><\/div>\n\n\n\n<div class=\"inherit-container-width wp-block-group alignfull has-ast-global-color-0-background-color has-background is-layout-constrained wp-block-group-is-layout-constrained\">\n<div class=\"wp-block-columns are-vertically-aligned-center is-layout-flex wp-container-core-columns-is-layout-28f84493 wp-block-columns-is-layout-flex\">\n<div class=\"wp-block-column is-vertically-aligned-center is-layout-flow wp-block-column-is-layout-flow\"><\/div>\n<\/div>\n<\/div>\n","protected":false},"excerpt":{"rendered":"<p>QU\u2019EST-CE QUE LA MEDECINE TRADITIONNELLE CHINOISE&nbsp;: La m\u00e9decine chinoise telle qu\u2019elle est aujourd\u2019hui pratiqu\u00e9e plonge ses racines dans la plus haute antiquit\u00e9 chinoise. Les th\u00e9ories du Yin et du Yang, des cinq mouvements, de l\u2019\u00e9nergie (appel\u00e9 le Qi) &nbsp;qui permettent de comprendre le monde et son \u00e9volution apparaissent et se sont d\u00e9velopp\u00e9s tout au long [&hellip;]<\/p>\n","protected":false},"author":1,"featured_media":0,"parent":0,"menu_order":0,"comment_status":"closed","ping_status":"closed","template":"","meta":{"om_disable_all_campaigns":false,"_uag_custom_page_level_css":"","_monsterinsights_skip_tracking":false,"_monsterinsights_sitenote_active":false,"_monsterinsights_sitenote_note":"","_monsterinsights_sitenote_category":0,"site-sidebar-layout":"no-sidebar","site-content-layout":"plain-container","ast-site-content-layout":"normal-width-container","site-content-style":"unboxed","site-sidebar-style":"unboxed","ast-global-header-display":"","ast-banner-title-visibility":"","ast-main-header-display":"","ast-hfb-above-header-display":"","ast-hfb-below-header-display":"","ast-hfb-mobile-header-display":"","site-post-title":"disabled","ast-breadcrumbs-content":"disabled","ast-featured-img":"disabled","footer-sml-layout":"","theme-transparent-header-meta":"enabled","adv-header-id-meta":"","stick-header-meta":"","header-above-stick-meta":"","header-main-stick-meta":"","header-below-stick-meta":"","astra-migrate-meta-layouts":"set","ast-page-background-enabled":"default","ast-page-background-meta":{"desktop":{"background-color":"var(--ast-global-color-4)","background-image":"","background-repeat":"repeat","background-position":"center center","background-size":"auto","background-attachment":"scroll","background-type":"","background-media":"","overlay-type":"","overlay-color":"","overlay-opacity":"","overlay-gradient":""},"tablet":{"background-color":"","background-image":"","background-repeat":"repeat","background-position":"center center","background-size":"auto","background-attachment":"scroll","background-type":"","background-media":"","overlay-type":"","overlay-color":"","overlay-opacity":"","overlay-gradient":""},"mobile":{"background-color":"","background-image":"","background-repeat":"repeat","background-position":"center center","background-size":"auto","background-attachment":"scroll","background-type":"","background-media":"","overlay-type":"","overlay-color":"","overlay-opacity":"","overlay-gradient":""}},"ast-content-background-meta":{"desktop":{"background-color":"var(--ast-global-color-5)","background-image":"","background-repeat":"repeat","background-position":"center center","background-size":"auto","background-attachment":"scroll","background-type":"","background-media":"","overlay-type":"","overlay-color":"","overlay-opacity":"","overlay-gradient":""},"tablet":{"background-color":"var(--ast-global-color-5)","background-image":"","background-repeat":"repeat","background-position":"center center","background-size":"auto","background-attachment":"scroll","background-type":"","background-media":"","overlay-type":"","overlay-color":"","overlay-opacity":"","overlay-gradient":""},"mobile":{"background-color":"var(--ast-global-color-5)","background-image":"","background-repeat":"repeat","background-position":"center center","background-size":"auto","background-attachment":"scroll","background-type":"","background-media":"","overlay-type":"","overlay-color":"","overlay-opacity":"","overlay-gradient":""}},"footnotes":""},"class_list":["post-607","page","type-page","status-publish","hentry"],"uagb_featured_image_src":{"full":false,"thumbnail":false,"medium":false,"medium_large":false,"large":false,"1536x1536":false,"2048x2048":false},"uagb_author_info":{"display_name":"anne.rothureau.mtc@gmail.com","author_link":"https:\/\/annerothureaumtc.com\/author\/anne-rothureau-mtcgmail-com"},"uagb_comment_info":0,"uagb_excerpt":"QU\u2019EST-CE QUE LA MEDECINE TRADITIONNELLE CHINOISE&nbsp;: La m\u00e9decine chinoise telle qu\u2019elle est aujourd\u2019hui pratiqu\u00e9e plonge ses racines dans la plus haute antiquit\u00e9 chinoise. Les th\u00e9ories du Yin et du Yang, des cinq mouvements, de l\u2019\u00e9nergie (appel\u00e9 le Qi) &nbsp;qui permettent de comprendre le monde et son \u00e9volution apparaissent et se sont d\u00e9velopp\u00e9s tout au long\u2026","_links":{"self":[{"href":"https:\/\/annerothureaumtc.com\/index.php?rest_route=\/wp\/v2\/pages\/607","targetHints":{"allow":["GET"]}}],"collection":[{"href":"https:\/\/annerothureaumtc.com\/index.php?rest_route=\/wp\/v2\/pages"}],"about":[{"href":"https:\/\/annerothureaumtc.com\/index.php?rest_route=\/wp\/v2\/types\/page"}],"author":[{"embeddable":true,"href":"https:\/\/annerothureaumtc.com\/index.php?rest_route=\/wp\/v2\/users\/1"}],"replies":[{"embeddable":true,"href":"https:\/\/annerothureaumtc.com\/index.php?rest_route=%2Fwp%2Fv2%2Fcomments&post=607"}],"version-history":[{"count":67,"href":"https:\/\/annerothureaumtc.com\/index.php?rest_route=\/wp\/v2\/pages\/607\/revisions"}],"predecessor-version":[{"id":2228,"href":"https:\/\/annerothureaumtc.com\/index.php?rest_route=\/wp\/v2\/pages\/607\/revisions\/2228"}],"wp:attachment":[{"href":"https:\/\/annerothureaumtc.com\/index.php?rest_route=%2Fwp%2Fv2%2Fmedia&parent=607"}],"curies":[{"name":"wp","href":"https:\/\/api.w.org\/{rel}","templated":true}]}}