{"id":612,"date":"2021-06-18T08:59:00","date_gmt":"2021-06-18T08:59:00","guid":{"rendered":"http:\/\/annerothureaumtc.com\/?page_id=612"},"modified":"2026-04-19T10:41:29","modified_gmt":"2026-04-19T10:41:29","slug":"about","status":"publish","type":"page","link":"https:\/\/annerothureaumtc.com\/?page_id=612","title":{"rendered":"A propos"},"content":{"rendered":"\n<div class=\"wp-block-cover alignfull\" style=\"min-height:153px;aspect-ratio:unset;\"><span aria-hidden=\"true\" class=\"wp-block-cover__background has-ast-global-color-4-background-color has-background-dim-100 has-background-dim\"><\/span><div class=\"wp-block-cover__inner-container is-layout-flow wp-block-cover-is-layout-flow\">\n<p class=\"has-text-align-center has-large-font-size\"><\/p>\n<\/div><\/div>\n\n\n\n<div class=\"inherit-container-width wp-block-group alignfull has-ast-global-color-5-background-color has-background is-layout-constrained wp-block-group-is-layout-constrained\">\n<hr class=\"wp-block-separator has-text-color has-ast-global-color-5-color has-alpha-channel-opacity has-ast-global-color-5-background-color has-background aligncenter\"\/>\n\n\n\n<h3 class=\"wp-block-heading has-text-align-center\"><strong>Anne ROTHUREAU, Praticienne en Energ\u00e9tique Traditionnelle Chinoise.<\/strong><\/h3>\n\n\n\n<p class=\"has-text-align-center\">Infirmi\u00e8re dipl\u00f4m\u00e9e d&rsquo;Etat de formation, j&rsquo;ai exerc\u00e9 pendant 18 ans en milieu hospitalier, avant que mon chemin ne croise celui de la M\u00e9decine Traditionnelle Chinoise.<br>Anim\u00e9e par une envie d&rsquo;explorer cette discipline ancestrale, j&rsquo;ai choisi d\u2019int\u00e9grer l\u2019\u00e9cole SHAO YIN \u00e0 Nantes pour un cursus de 6 ann\u00e9es.<br>Et ce fut le d\u00e9but d\u2019une belle et passionnante aventure, qui a profond\u00e9ment enrichi ma compr\u00e9hension du bien-\u00eatre et de la sant\u00e9.<br>Cette approche holistique et avant tout pr\u00e9ventive m&rsquo;a conduite \u00e0 une approche globale, centr\u00e9e sur l&rsquo;origine des d\u00e9s\u00e9quilibres. Elle m&rsquo;a permis de prendre conscience du lien indissociable entre Corps et Esprit , ainsi que de l&rsquo;influence des \u00e9motions et de notre environnement sur la sant\u00e9.<\/p>\n\n\n\n<p class=\"has-text-align-center\"><br>Riche de mon parcours en tant qu\u2019infirmi\u00e8re, j\u2019ai progressivement fait le choix de me consacrer pleinement \u00e0 cette pratique et ainsi proposer une approche compl\u00e9mentaire du soin et de l\u2019accompagnement.<\/p>\n\n\n\n<p class=\"has-text-align-center\">C&rsquo;est tout naturellement que je poursuis actuellement une formation en Qi Gong, la cinqui\u00e8me branche de la MTC, au sein de l&rsquo;\u00e9cole du Centre Tao de Tours. <\/p>\n\n\n\n<p class=\"has-text-align-center\">Je suis engag\u00e9e dans un processus d&rsquo;apprentissage continu, cherchant constamment \u00e0 approfondir mes connaissances et \u00e0 enrichir ma pratique.<\/p>\n\n\n\n<p class=\"has-text-align-center\"><br>Je suis adh\u00e9rente de l\u2019UFPMTC (Union Fran\u00e7aise des Professionnels de M\u00e9decine Traditionnelle<br>Chinoise)<\/p>\n<\/div>\n\n\n\n<div class=\"wp-block-uagb-container uagb-block-6952b64a alignfull uagb-is-root-container\"><div class=\"uagb-container-inner-blocks-wrap\">\n<div class=\"wp-block-uagb-advanced-heading uagb-block-26626cdb\"><h4 class=\"uagb-heading-text\"><strong>FORMATIONS \/ PARCOURS PROFESSIONNEL<\/strong><\/h4><\/div>\n<\/div><\/div>\n\n\n\n<div class=\"wp-block-uagb-container uagb-block-c083aebe alignfull uagb-is-root-container\"><div class=\"uagb-container-inner-blocks-wrap\">\n<div class=\"wp-block-uagb-container uagb-block-af7817f5\">\n<div class=\"wp-block-uagb-advanced-heading uagb-block-725168c6\"><h5 class=\"uagb-heading-text\"><strong>Mon Cursus en M\u00e9decine Traditionnelle Chinoise<\/strong><\/h5><\/div>\n<\/div>\n\n\n\n<div class=\"wp-block-uagb-container uagb-block-3dc3b158\">\n<p><strong>2025-2028<\/strong> &#8211; En cours de formation de Professeur en Qi Gong &#8211; Ecole du CENTRE TAO &#8211; TOURS<\/p>\n\n\n\n<p><strong>2019-2025<\/strong> &#8211; Formation certifiante en M\u00e9decine Traditionnelle Chinoise &#8211; option bases fondamentales -Massage Tuina &#8211; Pharmacop\u00e9e Chinoise &#8211; Ecole SHAO YIN &#8211; NANTES<\/p>\n\n\n\n<p><strong>2024<\/strong> : Formation certifiante en massage Chi Nei Tsang &#8211; TOURS<\/p>\n\n\n\n<p><\/p>\n\n\n\n<p><em>Formations compl\u00e9mentaires et perfectionnements :<\/em><\/p>\n\n\n\n<p><\/p>\n\n\n\n<p><strong>2025 <\/strong>: Stage de pratique clinique dirig\u00e9 par Eric MARIE<\/p>\n\n\n\n<p><strong>2026 \/2025 \/2024 \/2023<\/strong> : La gyn\u00e9cologie selon la MTC: M\u00e9nopause, endom\u00e9triose, infertilit\u00e9, troubles du cycle menstruel &#8211; Ecole SHAO YIN &#8211; NANTES<\/p>\n\n\n\n<p><strong>2024<\/strong> : Les \u00e9motions, la structure de l&rsquo;Esprit et les d\u00e9s\u00e9quilibres \u00e9motionnelles &#8211; Ecole SHAO YIN &#8211; NANTES<\/p>\n\n\n\n<p><strong>2023 <\/strong>: Le sein et les d\u00e9s\u00e9quilibres en MTC- Ecole SHAO YIN &#8211; NANTES<\/p>\n\n\n\n<p><strong>2022<\/strong> : Le Tuina p\u00e9diatrique &#8211; Ecole SHAO YIN &#8211; LA ROCHE SUR YON<\/p>\n\n\n\n<p><\/p>\n\n\n\n<p><\/p>\n\n\n\n<p><\/p>\n<\/div>\n<\/div><\/div>\n\n\n\n<div class=\"wp-block-uagb-container uagb-block-27fe336b alignfull uagb-is-root-container\"><div class=\"uagb-container-inner-blocks-wrap\">\n<div class=\"wp-block-uagb-container uagb-block-ee8673d1\">\n<div class=\"wp-block-uagb-advanced-heading uagb-block-c55ad77e\"><h5 class=\"uagb-heading-text\"><strong style=\"font-weight: bold;\">Mon parcours d<\/strong><strong>&lsquo;i<\/strong><strong>nfirmi\u00e8re D.E<\/strong><\/h5><\/div>\n<\/div>\n\n\n\n<div class=\"wp-block-uagb-container uagb-block-5ae9cf0a\">\n<div class=\"wp-block-uagb-advanced-heading uagb-block-d88ecc1b\"><p class=\"uagb-desc-text\"><strong>2004-2022&nbsp;: <\/strong>Infirmi\u00e8re Dipl\u00f4m\u00e9e d\u2019Etat au CHU de NANTES&nbsp; au sein de diff\u00e9rents services :<br>&#8211; R\u00e9\u00e9ducation fonctionnelle \u2013 bless\u00e9s m\u00e9dullaires<br>&#8211; Urgences gyn\u00e9cologiques &#8211; Gyn\u00e9cologie<br>&#8211; Chirurgie digestive et endocrinienne<br>&#8211; H\u00e9pato gastro ent\u00e9rologie et assistance nutritionnelle<br>&#8211; Unit\u00e9 de Soins intensifs des Maladies de l&rsquo;Appareil Digestif<br>&#8211; Canc\u00e9rologie digestive<br>&#8211; Endoscopie digestive et thoracique<br>&#8211; Coordinatrice du parcours patient<br><br><strong>2001-2004 : <\/strong>Dipl\u00f4me d\u2019Etat Infirmier \u2013 IFSI de NANTES<\/p><\/div>\n<\/div>\n<\/div><\/div>\n","protected":false},"excerpt":{"rendered":"<p>Anne ROTHUREAU, Praticienne en Energ\u00e9tique Traditionnelle Chinoise. Infirmi\u00e8re dipl\u00f4m\u00e9e d&rsquo;Etat de formation, j&rsquo;ai exerc\u00e9 pendant 18 ans en milieu hospitalier, avant que mon chemin ne croise celui de la M\u00e9decine Traditionnelle Chinoise.Anim\u00e9e par une envie d&rsquo;explorer cette discipline ancestrale, j&rsquo;ai choisi d\u2019int\u00e9grer l\u2019\u00e9cole SHAO YIN \u00e0 Nantes pour un cursus de 6 ann\u00e9es.Et ce fut [&hellip;]<\/p>\n","protected":false},"author":1,"featured_media":0,"parent":0,"menu_order":0,"comment_status":"closed","ping_status":"closed","template":"","meta":{"om_disable_all_campaigns":false,"_uag_custom_page_level_css":"","_monsterinsights_skip_tracking":false,"_monsterinsights_sitenote_active":false,"_monsterinsights_sitenote_note":"","_monsterinsights_sitenote_category":0,"site-sidebar-layout":"no-sidebar","site-content-layout":"plain-container","ast-site-content-layout":"normal-width-container","site-content-style":"unboxed","site-sidebar-style":"unboxed","ast-global-header-display":"","ast-banner-title-visibility":"","ast-main-header-display":"","ast-hfb-above-header-display":"","ast-hfb-below-header-display":"","ast-hfb-mobile-header-display":"","site-post-title":"disabled","ast-breadcrumbs-content":"disabled","ast-featured-img":"disabled","footer-sml-layout":"","theme-transparent-header-meta":"enabled","adv-header-id-meta":"","stick-header-meta":"","header-above-stick-meta":"","header-main-stick-meta":"","header-below-stick-meta":"","astra-migrate-meta-layouts":"set","ast-page-background-enabled":"default","ast-page-background-meta":{"desktop":{"background-color":"var(--ast-global-color-4)","background-image":"","background-repeat":"repeat","background-position":"center center","background-size":"auto","background-attachment":"scroll","background-type":"","background-media":"","overlay-type":"","overlay-color":"","overlay-opacity":"","overlay-gradient":""},"tablet":{"background-color":"","background-image":"","background-repeat":"repeat","background-position":"center center","background-size":"auto","background-attachment":"scroll","background-type":"","background-media":"","overlay-type":"","overlay-color":"","overlay-opacity":"","overlay-gradient":""},"mobile":{"background-color":"","background-image":"","background-repeat":"repeat","background-position":"center center","background-size":"auto","background-attachment":"scroll","background-type":"","background-media":"","overlay-type":"","overlay-color":"","overlay-opacity":"","overlay-gradient":""}},"ast-content-background-meta":{"desktop":{"background-color":"var(--ast-global-color-5)","background-image":"","background-repeat":"repeat","background-position":"center center","background-size":"auto","background-attachment":"scroll","background-type":"","background-media":"","overlay-type":"","overlay-color":"","overlay-opacity":"","overlay-gradient":""},"tablet":{"background-color":"var(--ast-global-color-5)","background-image":"","background-repeat":"repeat","background-position":"center center","background-size":"auto","background-attachment":"scroll","background-type":"","background-media":"","overlay-type":"","overlay-color":"","overlay-opacity":"","overlay-gradient":""},"mobile":{"background-color":"var(--ast-global-color-5)","background-image":"","background-repeat":"repeat","background-position":"center center","background-size":"auto","background-attachment":"scroll","background-type":"","background-media":"","overlay-type":"","overlay-color":"","overlay-opacity":"","overlay-gradient":""}},"footnotes":"[]"},"class_list":["post-612","page","type-page","status-publish","hentry"],"uagb_featured_image_src":{"full":false,"thumbnail":false,"medium":false,"medium_large":false,"large":false,"1536x1536":false,"2048x2048":false},"uagb_author_info":{"display_name":"anne.rothureau.mtc@gmail.com","author_link":"https:\/\/annerothureaumtc.com\/author\/anne-rothureau-mtcgmail-com"},"uagb_comment_info":0,"uagb_excerpt":"Anne ROTHUREAU, Praticienne en Energ\u00e9tique Traditionnelle Chinoise. Infirmi\u00e8re dipl\u00f4m\u00e9e d&rsquo;Etat de formation, j&rsquo;ai exerc\u00e9 pendant 18 ans en milieu hospitalier, avant que mon chemin ne croise celui de la M\u00e9decine Traditionnelle Chinoise.Anim\u00e9e par une envie d&rsquo;explorer cette discipline ancestrale, j&rsquo;ai choisi d\u2019int\u00e9grer l\u2019\u00e9cole SHAO YIN \u00e0 Nantes pour un cursus de 6 ann\u00e9es.Et ce fut\u2026","_links":{"self":[{"href":"https:\/\/annerothureaumtc.com\/index.php?rest_route=\/wp\/v2\/pages\/612","targetHints":{"allow":["GET"]}}],"collection":[{"href":"https:\/\/annerothureaumtc.com\/index.php?rest_route=\/wp\/v2\/pages"}],"about":[{"href":"https:\/\/annerothureaumtc.com\/index.php?rest_route=\/wp\/v2\/types\/page"}],"author":[{"embeddable":true,"href":"https:\/\/annerothureaumtc.com\/index.php?rest_route=\/wp\/v2\/users\/1"}],"replies":[{"embeddable":true,"href":"https:\/\/annerothureaumtc.com\/index.php?rest_route=%2Fwp%2Fv2%2Fcomments&post=612"}],"version-history":[{"count":99,"href":"https:\/\/annerothureaumtc.com\/index.php?rest_route=\/wp\/v2\/pages\/612\/revisions"}],"predecessor-version":[{"id":2250,"href":"https:\/\/annerothureaumtc.com\/index.php?rest_route=\/wp\/v2\/pages\/612\/revisions\/2250"}],"wp:attachment":[{"href":"https:\/\/annerothureaumtc.com\/index.php?rest_route=%2Fwp%2Fv2%2Fmedia&parent=612"}],"curies":[{"name":"wp","href":"https:\/\/api.w.org\/{rel}","templated":true}]}}