{"id":980,"date":"2022-10-12T20:06:21","date_gmt":"2022-10-12T20:06:21","guid":{"rendered":"https:\/\/annerothureaumtc.com\/?page_id=980"},"modified":"2026-01-17T14:58:41","modified_gmt":"2026-01-17T14:58:41","slug":"tuina","status":"publish","type":"page","link":"https:\/\/annerothureaumtc.com\/?page_id=980","title":{"rendered":"Tuina"},"content":{"rendered":"\n<h1 class=\"wp-block-heading alignwide has-text-align-center has-x-large-font-size\">TUINA<\/h1>\n\n\n\n<figure class=\"wp-block-image aligncenter size-full\"><img loading=\"lazy\" decoding=\"async\" width=\"600\" height=\"460\" src=\"http:\/\/annerothureaumtc.com\/wp-content\/uploads\/2022\/09\/blandine-dugelay-massage-tuina-4-barral-die.jpg.jpg\" alt=\"\" class=\"wp-image-808\" srcset=\"https:\/\/annerothureaumtc.com\/wp-content\/uploads\/2022\/09\/blandine-dugelay-massage-tuina-4-barral-die.jpg.jpg 600w, https:\/\/annerothureaumtc.com\/wp-content\/uploads\/2022\/09\/blandine-dugelay-massage-tuina-4-barral-die.jpg-300x230.jpg 300w\" sizes=\"auto, (max-width: 600px) 100vw, 600px\" \/><\/figure>\n\n\n\n<p><\/p>\n\n\n\n<p class=\"has-text-align-left\">Le Tuina est un massage \u00e9nerg\u00e9tique faisant partie des 5 branches de la M\u00e9decine Traditionnelle Chinoise. &nbsp;Pressions, mobilisations, \u00e9tirements, balancements, p\u00e9trissages, le massage Tui Na se veut avant tout \u00e9nerg\u00e9tique et dynamique.<\/p>\n\n\n\n<p class=\"has-text-align-left\"><\/p>\n\n\n\n<p class=\"has-text-align-left\">Le massage Tuina diff\u00e8re des techniques de massages occidentales surtout \u00e0 cause du concept \u00e9nerg\u00e9tique sur lequel il repose (harmonisation du Qi) mais \u00e9galement en raison de la multiplicit\u00e9 des types de manipulations.<\/p>\n\n\n\n<p class=\"has-text-align-left\"><\/p>\n\n\n\n<p class=\"has-text-align-left\">Ces techniques et man\u0153uvres dispersent les \u00ab&nbsp;blocages \u00e9nerg\u00e9tiques&nbsp;\u00bb, stimulent ou tonifient \u00ab&nbsp;l\u2019\u00e9nergie&nbsp;\u00bb.<\/p>\n\n\n\n<p class=\"has-text-align-left\"><\/p>\n\n\n\n<p class=\"has-text-align-left\">Ces man\u0153uvres peuvent \u00eatre l\u00e9g\u00e8res ou appuy\u00e9es, lentes ou rapides pour faire circuler le sang et les fluides, r\u00e9gulariser les fonctions des organes, lubrifier les articulations et favoriser un rel\u00e2chement du corps.<\/p>\n\n\n\n<p class=\"has-text-align-left\"><\/p>\n\n\n\n<p class=\"has-text-align-left\">Les champs d\u2019application du massage Tui Na sont multiples, il peut \u00eatre utilis\u00e9 aussi bien chez les adultes que chez les enfants.<\/p>\n","protected":false},"excerpt":{"rendered":"<p>TUINA Le Tuina est un massage \u00e9nerg\u00e9tique faisant partie des 5 branches de la M\u00e9decine Traditionnelle Chinoise. &nbsp;Pressions, mobilisations, \u00e9tirements, balancements, p\u00e9trissages, le massage Tui Na se veut avant tout \u00e9nerg\u00e9tique et dynamique. Le massage Tuina diff\u00e8re des techniques de massages occidentales surtout \u00e0 cause du concept \u00e9nerg\u00e9tique sur lequel il repose (harmonisation du Qi) [&hellip;]<\/p>\n","protected":false},"author":1,"featured_media":0,"parent":0,"menu_order":0,"comment_status":"closed","ping_status":"closed","template":"","meta":{"om_disable_all_campaigns":false,"_uag_custom_page_level_css":"","_monsterinsights_skip_tracking":false,"_monsterinsights_sitenote_active":false,"_monsterinsights_sitenote_note":"","_monsterinsights_sitenote_category":0,"site-sidebar-layout":"default","site-content-layout":"plain-container","ast-site-content-layout":"normal-width-container","site-content-style":"unboxed","site-sidebar-style":"unboxed","ast-global-header-display":"","ast-banner-title-visibility":"","ast-main-header-display":"","ast-hfb-above-header-display":"","ast-hfb-below-header-display":"","ast-hfb-mobile-header-display":"","site-post-title":"disabled","ast-breadcrumbs-content":"","ast-featured-img":"","footer-sml-layout":"","theme-transparent-header-meta":"","adv-header-id-meta":"","stick-header-meta":"","header-above-stick-meta":"","header-main-stick-meta":"","header-below-stick-meta":"","astra-migrate-meta-layouts":"set","ast-page-background-enabled":"default","ast-page-background-meta":{"desktop":{"background-color":"var(--ast-global-color-4)","background-image":"","background-repeat":"repeat","background-position":"center center","background-size":"auto","background-attachment":"scroll","background-type":"","background-media":"","overlay-type":"","overlay-color":"","overlay-opacity":"","overlay-gradient":""},"tablet":{"background-color":"","background-image":"","background-repeat":"repeat","background-position":"center center","background-size":"auto","background-attachment":"scroll","background-type":"","background-media":"","overlay-type":"","overlay-color":"","overlay-opacity":"","overlay-gradient":""},"mobile":{"background-color":"","background-image":"","background-repeat":"repeat","background-position":"center center","background-size":"auto","background-attachment":"scroll","background-type":"","background-media":"","overlay-type":"","overlay-color":"","overlay-opacity":"","overlay-gradient":""}},"ast-content-background-meta":{"desktop":{"background-color":"var(--ast-global-color-5)","background-image":"","background-repeat":"repeat","background-position":"center center","background-size":"auto","background-attachment":"scroll","background-type":"","background-media":"","overlay-type":"","overlay-color":"","overlay-opacity":"","overlay-gradient":""},"tablet":{"background-color":"var(--ast-global-color-5)","background-image":"","background-repeat":"repeat","background-position":"center center","background-size":"auto","background-attachment":"scroll","background-type":"","background-media":"","overlay-type":"","overlay-color":"","overlay-opacity":"","overlay-gradient":""},"mobile":{"background-color":"var(--ast-global-color-5)","background-image":"","background-repeat":"repeat","background-position":"center center","background-size":"auto","background-attachment":"scroll","background-type":"","background-media":"","overlay-type":"","overlay-color":"","overlay-opacity":"","overlay-gradient":""}},"footnotes":""},"class_list":["post-980","page","type-page","status-publish","hentry"],"uagb_featured_image_src":{"full":false,"thumbnail":false,"medium":false,"medium_large":false,"large":false,"1536x1536":false,"2048x2048":false},"uagb_author_info":{"display_name":"anne.rothureau.mtc@gmail.com","author_link":"https:\/\/annerothureaumtc.com\/author\/anne-rothureau-mtcgmail-com"},"uagb_comment_info":0,"uagb_excerpt":"TUINA Le Tuina est un massage \u00e9nerg\u00e9tique faisant partie des 5 branches de la M\u00e9decine Traditionnelle Chinoise. &nbsp;Pressions, mobilisations, \u00e9tirements, balancements, p\u00e9trissages, le massage Tui Na se veut avant tout \u00e9nerg\u00e9tique et dynamique. Le massage Tuina diff\u00e8re des techniques de massages occidentales surtout \u00e0 cause du concept \u00e9nerg\u00e9tique sur lequel il repose (harmonisation du Qi)\u2026","_links":{"self":[{"href":"https:\/\/annerothureaumtc.com\/index.php?rest_route=\/wp\/v2\/pages\/980","targetHints":{"allow":["GET"]}}],"collection":[{"href":"https:\/\/annerothureaumtc.com\/index.php?rest_route=\/wp\/v2\/pages"}],"about":[{"href":"https:\/\/annerothureaumtc.com\/index.php?rest_route=\/wp\/v2\/types\/page"}],"author":[{"embeddable":true,"href":"https:\/\/annerothureaumtc.com\/index.php?rest_route=\/wp\/v2\/users\/1"}],"replies":[{"embeddable":true,"href":"https:\/\/annerothureaumtc.com\/index.php?rest_route=%2Fwp%2Fv2%2Fcomments&post=980"}],"version-history":[{"count":12,"href":"https:\/\/annerothureaumtc.com\/index.php?rest_route=\/wp\/v2\/pages\/980\/revisions"}],"predecessor-version":[{"id":2234,"href":"https:\/\/annerothureaumtc.com\/index.php?rest_route=\/wp\/v2\/pages\/980\/revisions\/2234"}],"wp:attachment":[{"href":"https:\/\/annerothureaumtc.com\/index.php?rest_route=%2Fwp%2Fv2%2Fmedia&parent=980"}],"curies":[{"name":"wp","href":"https:\/\/api.w.org\/{rel}","templated":true}]}}